{"id":318,"date":"2021-07-05T17:00:35","date_gmt":"2021-07-05T14:00:35","guid":{"rendered":"https:\/\/woodlent.com.tr\/?page_id=318"},"modified":"2022-07-20T13:22:55","modified_gmt":"2022-07-20T10:22:55","slug":"urunler","status":"publish","type":"page","link":"https:\/\/woodlent.com.tr\/ar\/urunler\/","title":{"rendered":"\u0627\u0644\u0645\u0646\u062a\u062c\u0627\u062a"},"content":{"rendered":"<div data-vc-full-width=\"true\" data-vc-full-width-init=\"false\" data-vc-stretch-content=\"true\" class=\"vc_row wpb_row vc_row-fluid vc_row-no-padding\"><div class=\"wpb_column vc_column_container vc_col-sm-12\"><div class=\"vc_column-inner\"><div class=\"wpb_wrapper\">\t\t<div class=\"promo-banner-wrapper\">\n\t\t\t<div id=\"wd-60e3f09e2fac0\" class=\"promo-banner banner-vr-align-middle banner-hr-align-center banner- banner-hover-zoom color-scheme-light banner-btn-size-default banner-btn-style-default wd-display-image\"  >\n\n\t\t\t\t<div class=\"main-wrapp-img\">\n\t\t\t\t\t\t\t\t\t\t\t<div class=\"banner-image\">\n\t\t\t\t\t\t\t<img loading=\"lazy\" decoding=\"async\" width=\"1920\" height=\"382\" src=\"https:\/\/woodlent.com.tr\/wp-content\/uploads\/2021\/07\/urunler-banner.png\" class=\"promo-banner-image attachment-full\" alt=\"\" srcset=\"https:\/\/woodlent.com.tr\/wp-content\/uploads\/2021\/07\/urunler-banner.png 1920w, https:\/\/woodlent.com.tr\/wp-content\/uploads\/2021\/07\/urunler-banner-780x155.png 780w\" sizes=\"auto, (max-width: 1920px) 100vw, 1920px\" \/>\t\t\t\t\t\t<\/div>\n\t\t\t\t\t\t\t\t\t<\/div>\n\n\t\t\t\t<div class=\"wrapper-content-banner\">\n\t\t\t\t\t<div class=\"content-banner text-center content-width-100\">\n\t\t\t\t\t\t\t<div class=\"banner-title-wrap banner-title-extra-large\"><h1 class=\"banner-title woodmart-font-weight-\">\u0627\u0644\u0645\u0646\u062a\u062c\u0627\u062a<\/h1><\/div>\n\t\t\t\t\t\t\t\t\t\t\t\t\t\t\t\t\t<\/div>\n\t\t\t\t<\/div>\n\t\t\t\t\t\t\t<\/div>\n\t\t<\/div>\n\t\t\n\t\t<\/div><\/div><\/div><\/div><div class=\"vc_row-full-width vc_clearfix\"><\/div><div id=\"row-ustkisim\" class=\"vc_row wpb_row vc_row-fluid\"><div class=\"wpb_column column-urun-1 vc_column_container vc_col-sm-4\"><div class=\"vc_column-inner\"><div class=\"wpb_wrapper\">\n\t<div  class=\"wpb_single_image wpb_content_element vc_align_center\">\n\t\t\n\t\t<figure class=\"wpb_wrapper vc_figure\">\n\t\t\t<a href=\"https:\/\/woodlent.com.tr\/ar\/ahsap-kaplamalari\/\" target=\"_self\" class=\"vc_single_image-wrapper   vc_box_border_grey\"><img loading=\"lazy\" decoding=\"async\" width=\"534\" height=\"501\" src=\"https:\/\/woodlent.com.tr\/wp-content\/uploads\/2021\/07\/ahsap-kaplama-1.png\" class=\"vc_single_image-img attachment-full\" alt=\"\" srcset=\"https:\/\/woodlent.com.tr\/wp-content\/uploads\/2021\/07\/ahsap-kaplama-1.png 534w, https:\/\/woodlent.com.tr\/wp-content\/uploads\/2021\/07\/ahsap-kaplama-1-300x281.png 300w\" sizes=\"auto, (max-width: 534px) 100vw, 534px\" \/><\/a>\n\t\t<\/figure>\n\t<\/div>\n\n\t<div class=\"wpb_text_column wpb_content_element\" >\n\t\t<div class=\"wpb_wrapper\">\n\t\t\t<p style=\"text-align: center;\"><a class=\"buton-ok\" title=\"buton\" href=\"https:\/\/woodlent.com.tr\/ar\/ahsap-kaplamalari\/\">\u062a\u0644\u0628\u064a\u0633 \u0642\u0634\u0631 \u0627\u0644\u062e\u0634\u0628<span class=\"sag-ok\"><img decoding=\"async\" title=\"\u062a\u0644\u0628\u064a\u0633 \u0642\u0634\u0631 \u0627\u0644\u062e\u0634\u0628\" src=\"https:\/\/woodlent.com.tr\/wp-content\/uploads\/2021\/07\/next.svg\" \/><\/span><\/a><\/p>\n\n\t\t<\/div>\n\t<\/div>\n<\/div><\/div><\/div><div class=\"wpb_column column-urun-2 vc_column_container vc_col-sm-4\"><div class=\"vc_column-inner\"><div class=\"wpb_wrapper\">\n\t<div  class=\"wpb_single_image wpb_content_element vc_align_center\">\n\t\t\n\t\t<figure class=\"wpb_wrapper vc_figure\">\n\t\t\t<a href=\"https:\/\/woodlent.com.tr\/ar\/kaplamali-sunta-ve-mdf\/\" target=\"_self\" class=\"vc_single_image-wrapper   vc_box_border_grey\"><img loading=\"lazy\" decoding=\"async\" width=\"534\" height=\"501\" src=\"https:\/\/woodlent.com.tr\/wp-content\/uploads\/2021\/07\/kaplamali-sunta-2.png\" class=\"vc_single_image-img attachment-full\" alt=\"\" srcset=\"https:\/\/woodlent.com.tr\/wp-content\/uploads\/2021\/07\/kaplamali-sunta-2.png 534w, https:\/\/woodlent.com.tr\/wp-content\/uploads\/2021\/07\/kaplamali-sunta-2-300x281.png 300w\" sizes=\"auto, (max-width: 534px) 100vw, 534px\" \/><\/a>\n\t\t<\/figure>\n\t<\/div>\n\n\t<div class=\"wpb_text_column wpb_content_element\" >\n\t\t<div class=\"wpb_wrapper\">\n\t\t\t<p style=\"text-align: center;\"><a class=\"buton-ok\" title=\"\u0627\u0644\u0623\u0644\u0648\u0627\u062d \u0627\u0644\u0645\u0637\u0644\u064a\u0629 \u0648 MDF\" href=\"https:\/\/woodlent.com.tr\/ar\/kaplamali-sunta-ve-mdf\/\">\u0627\u0644\u0623\u0644\u0648\u0627\u062d \u0627\u0644\u0645\u0637\u0644\u064a\u0629 \u0648 MDF<span class=\"sag-ok\"><img decoding=\"async\" src=\"https:\/\/woodlent.com.tr\/wp-content\/uploads\/2021\/07\/next.svg\" alt=\"\u0627\u0644\u0623\u0644\u0648\u0627\u062d \u0627\u0644\u0645\u0637\u0644\u064a\u0629 \u0648 MDF\" \/><\/span><\/a><\/p>\n\n\t\t<\/div>\n\t<\/div>\n<\/div><\/div><\/div><div class=\"wpb_column column-urun-3 vc_column_container vc_col-sm-4\"><div class=\"vc_column-inner\"><div class=\"wpb_wrapper\">\n\t<div  class=\"wpb_single_image wpb_content_element vc_align_center\">\n\t\t\n\t\t<figure class=\"wpb_wrapper vc_figure\">\n\t\t\t<a href=\"https:\/\/woodlent.com.tr\/ar\/ahsap-kenar-bantlari\/\" target=\"_self\" class=\"vc_single_image-wrapper   vc_box_border_grey\"><img loading=\"lazy\" decoding=\"async\" width=\"534\" height=\"501\" src=\"https:\/\/woodlent.com.tr\/wp-content\/uploads\/2021\/07\/ahsap-kenarbant-3.png\" class=\"vc_single_image-img attachment-full\" alt=\"\" srcset=\"https:\/\/woodlent.com.tr\/wp-content\/uploads\/2021\/07\/ahsap-kenarbant-3.png 534w, https:\/\/woodlent.com.tr\/wp-content\/uploads\/2021\/07\/ahsap-kenarbant-3-300x281.png 300w\" sizes=\"auto, (max-width: 534px) 100vw, 534px\" \/><\/a>\n\t\t<\/figure>\n\t<\/div>\n\n\t<div class=\"wpb_text_column wpb_content_element\" >\n\t\t<div class=\"wpb_wrapper\">\n\t\t\t<p style=\"text-align: center;\"><a class=\"buton-ok\" title=\"buton\" href=\"https:\/\/woodlent.com.tr\/ar\/ahsap-kenar-bantlari\/\">\u062a\u0644\u0628\u064a\u0633 \u0642\u0634\u0631 \u0627\u0644\u062e\u0634\u0628<span class=\"sag-ok\"><img decoding=\"async\" src=\"https:\/\/woodlent.com.tr\/wp-content\/uploads\/2021\/07\/next.svg\" alt=\"\u062a\u0644\u0628\u064a\u0633 \u0642\u0634\u0631 \u0627\u0644\u062e\u0634\u0628\" \/><\/span><\/a><\/p>\n\n\t\t<\/div>\n\t<\/div>\n<\/div><\/div><\/div><\/div><div id=\"row-altkisim\" class=\"vc_row wpb_row vc_row-fluid\"><div class=\"wpb_column column-urun-4 vc_column_container vc_col-sm-4\"><div class=\"vc_column-inner\"><div class=\"wpb_wrapper\">\n\t<div  class=\"wpb_single_image wpb_content_element vc_align_center\">\n\t\t\n\t\t<figure class=\"wpb_wrapper vc_figure\">\n\t\t\t<a href=\"https:\/\/woodlent.com.tr\/ar\/kaplama-markuterileri-nedir\/\" target=\"_self\" class=\"vc_single_image-wrapper   vc_box_border_grey\"><img loading=\"lazy\" decoding=\"async\" width=\"534\" height=\"501\" src=\"https:\/\/woodlent.com.tr\/wp-content\/uploads\/2021\/07\/kaplamali-markuteri-4.png\" class=\"vc_single_image-img attachment-full\" alt=\"\" srcset=\"https:\/\/woodlent.com.tr\/wp-content\/uploads\/2021\/07\/kaplamali-markuteri-4.png 534w, https:\/\/woodlent.com.tr\/wp-content\/uploads\/2021\/07\/kaplamali-markuteri-4-300x281.png 300w\" sizes=\"auto, (max-width: 534px) 100vw, 534px\" \/><\/a>\n\t\t<\/figure>\n\t<\/div>\n\n\t<div class=\"wpb_text_column wpb_content_element\" >\n\t\t<div class=\"wpb_wrapper\">\n\t\t\t<p style=\"text-align: center;\"><a class=\"buton-ok\" title=\"buton\" href=\"https:\/\/woodlent.com.tr\/ar\/kaplama-markuterileri-nedir\/\">\u0639\u0644\u0627\u0645\u0629 \u0627\u0644\u0637\u0644\u0627\u0621<span class=\"sag-ok\"><img decoding=\"async\" src=\"https:\/\/woodlent.com.tr\/wp-content\/uploads\/2021\/07\/next.svg\" alt=\"\u0639\u0644\u0627\u0645\u0629 \u0627\u0644\u0637\u0644\u0627\u0621\" \/><\/span><\/a><\/p>\n\n\t\t<\/div>\n\t<\/div>\n<\/div><\/div><\/div><div class=\"wpb_column vc_column_container vc_col-sm-4\"><div class=\"vc_column-inner\"><div class=\"wpb_wrapper\"><\/div><\/div><\/div><div class=\"wpb_column vc_column_container vc_col-sm-4\"><div class=\"vc_column-inner\"><div class=\"wpb_wrapper\"><\/div><\/div><\/div><\/div>","protected":false},"excerpt":{"rendered":"\u00dcr\u00fcnler Ah\u015fap Kaplama Kaplamal\u0131 Sunta ve MDF Ah\u015fap Kenarbant Kaplama Mark\u00fcteri","protected":false},"author":1,"featured_media":0,"parent":0,"menu_order":0,"comment_status":"closed","ping_status":"closed","template":"","meta":{"footnotes":""},"class_list":["post-318","page","type-page","status-publish","hentry"],"yoast_head":"<!-- This site is optimized with the Yoast SEO Premium plugin v16.0.3 (Yoast SEO v19.9) - https:\/\/yoast.com\/wordpress\/plugins\/seo\/ -->\n<title>\u00dcr\u00fcnler - Woodlent<\/title>\n<meta name=\"robots\" content=\"index, follow, max-snippet:-1, max-image-preview:large, max-video-preview:-1\" \/>\n<link rel=\"canonical\" href=\"https:\/\/woodlent.com.tr\/ar\/urunler\/\" \/>\n<meta property=\"og:locale\" content=\"ar_AR\" \/>\n<meta property=\"og:type\" content=\"article\" \/>\n<meta property=\"og:title\" content=\"\u00dcr\u00fcnler - Woodlent\" \/>\n<meta property=\"og:url\" content=\"https:\/\/woodlent.com.tr\/ar\/urunler\/\" \/>\n<meta property=\"og:site_name\" content=\"Woodlent\" \/>\n<meta property=\"article:modified_time\" content=\"2022-07-20T10:22:55+00:00\" \/>\n<meta property=\"og:image\" content=\"https:\/\/woodlent.com.tr\/wp-content\/uploads\/2021\/07\/next.svg\" \/>\n<meta name=\"twitter:card\" content=\"summary_large_image\" \/>\n<meta name=\"twitter:label1\" content=\"\u0648\u0642\u062a \u0627\u0644\u0642\u0631\u0627\u0621\u0629 \u0627\u0644\u0645\u064f\u0642\u062f\u0651\u0631\" \/>\n\t<meta name=\"twitter:data1\" content=\"\u062f\u0642\u064a\u0642\u062a\u0627\u0646\" \/>\n<script type=\"application\/ld+json\" class=\"yoast-schema-graph\">{\"@context\":\"https:\/\/schema.org\",\"@graph\":[{\"@type\":\"WebPage\",\"@id\":\"https:\/\/woodlent.com.tr\/urunler\/\",\"url\":\"https:\/\/woodlent.com.tr\/urunler\/\",\"name\":\"\u00dcr\u00fcnler - Woodlent\",\"isPartOf\":{\"@id\":\"https:\/\/woodlent.com.tr\/#website\"},\"datePublished\":\"2021-07-05T14:00:35+00:00\",\"dateModified\":\"2022-07-20T10:22:55+00:00\",\"breadcrumb\":{\"@id\":\"https:\/\/woodlent.com.tr\/urunler\/#breadcrumb\"},\"inLanguage\":\"ar\",\"potentialAction\":[{\"@type\":\"ReadAction\",\"target\":[\"https:\/\/woodlent.com.tr\/urunler\/\"]}]},{\"@type\":\"BreadcrumbList\",\"@id\":\"https:\/\/woodlent.com.tr\/urunler\/#breadcrumb\",\"itemListElement\":[{\"@type\":\"ListItem\",\"position\":1,\"name\":\"Ana sayfa\",\"item\":\"https:\/\/woodlent.com.tr\/\"},{\"@type\":\"ListItem\",\"position\":2,\"name\":\"\u00dcr\u00fcnler\"}]},{\"@type\":\"WebSite\",\"@id\":\"https:\/\/woodlent.com.tr\/#website\",\"url\":\"https:\/\/woodlent.com.tr\/\",\"name\":\"Woodlent\",\"description\":\"-\",\"potentialAction\":[{\"@type\":\"SearchAction\",\"target\":{\"@type\":\"EntryPoint\",\"urlTemplate\":\"https:\/\/woodlent.com.tr\/?s={search_term_string}\"},\"query-input\":\"required name=search_term_string\"}],\"inLanguage\":\"ar\"}]}<\/script>\n<!-- \/ Yoast SEO Premium plugin. -->","yoast_head_json":{"title":"\u00dcr\u00fcnler - Woodlent","robots":{"index":"index","follow":"follow","max-snippet":"max-snippet:-1","max-image-preview":"max-image-preview:large","max-video-preview":"max-video-preview:-1"},"canonical":"https:\/\/woodlent.com.tr\/ar\/urunler\/","og_locale":"ar_AR","og_type":"article","og_title":"\u00dcr\u00fcnler - Woodlent","og_url":"https:\/\/woodlent.com.tr\/ar\/urunler\/","og_site_name":"Woodlent","article_modified_time":"2022-07-20T10:22:55+00:00","og_image":[{"url":"https:\/\/woodlent.com.tr\/wp-content\/uploads\/2021\/07\/next.svg"}],"twitter_card":"summary_large_image","twitter_misc":{"\u0648\u0642\u062a \u0627\u0644\u0642\u0631\u0627\u0621\u0629 \u0627\u0644\u0645\u064f\u0642\u062f\u0651\u0631":"\u062f\u0642\u064a\u0642\u062a\u0627\u0646"},"schema":{"@context":"https:\/\/schema.org","@graph":[{"@type":"WebPage","@id":"https:\/\/woodlent.com.tr\/urunler\/","url":"https:\/\/woodlent.com.tr\/urunler\/","name":"\u00dcr\u00fcnler - Woodlent","isPartOf":{"@id":"https:\/\/woodlent.com.tr\/#website"},"datePublished":"2021-07-05T14:00:35+00:00","dateModified":"2022-07-20T10:22:55+00:00","breadcrumb":{"@id":"https:\/\/woodlent.com.tr\/urunler\/#breadcrumb"},"inLanguage":"ar","potentialAction":[{"@type":"ReadAction","target":["https:\/\/woodlent.com.tr\/urunler\/"]}]},{"@type":"BreadcrumbList","@id":"https:\/\/woodlent.com.tr\/urunler\/#breadcrumb","itemListElement":[{"@type":"ListItem","position":1,"name":"Ana sayfa","item":"https:\/\/woodlent.com.tr\/"},{"@type":"ListItem","position":2,"name":"\u00dcr\u00fcnler"}]},{"@type":"WebSite","@id":"https:\/\/woodlent.com.tr\/#website","url":"https:\/\/woodlent.com.tr\/","name":"Woodlent","description":"-","potentialAction":[{"@type":"SearchAction","target":{"@type":"EntryPoint","urlTemplate":"https:\/\/woodlent.com.tr\/?s={search_term_string}"},"query-input":"required name=search_term_string"}],"inLanguage":"ar"}]}},"_links":{"self":[{"href":"https:\/\/woodlent.com.tr\/ar\/wp-json\/wp\/v2\/pages\/318","targetHints":{"allow":["GET"]}}],"collection":[{"href":"https:\/\/woodlent.com.tr\/ar\/wp-json\/wp\/v2\/pages"}],"about":[{"href":"https:\/\/woodlent.com.tr\/ar\/wp-json\/wp\/v2\/types\/page"}],"author":[{"embeddable":true,"href":"https:\/\/woodlent.com.tr\/ar\/wp-json\/wp\/v2\/users\/1"}],"replies":[{"embeddable":true,"href":"https:\/\/woodlent.com.tr\/ar\/wp-json\/wp\/v2\/comments?post=318"}],"version-history":[{"count":24,"href":"https:\/\/woodlent.com.tr\/ar\/wp-json\/wp\/v2\/pages\/318\/revisions"}],"predecessor-version":[{"id":1168,"href":"https:\/\/woodlent.com.tr\/ar\/wp-json\/wp\/v2\/pages\/318\/revisions\/1168"}],"wp:attachment":[{"href":"https:\/\/woodlent.com.tr\/ar\/wp-json\/wp\/v2\/media?parent=318"}],"curies":[{"name":"wp","href":"https:\/\/api.w.org\/{rel}","templated":true}]}}