{"id":33,"date":"2020-12-21T09:19:45","date_gmt":"2020-12-21T06:19:45","guid":{"rendered":"https:\/\/woodlent.com.tr\/?page_id=33"},"modified":"2022-07-20T10:14:41","modified_gmt":"2022-07-20T07:14:41","slug":"woodlent-hakkimizda","status":"publish","type":"page","link":"https:\/\/woodlent.com.tr\/ar\/%d9%85%d9%86-%d9%86%d8%ad%d9%86\/","title":{"rendered":"\u0645\u0646 \u0646\u062d\u0646"},"content":{"rendered":"<div data-vc-full-width=\"true\" data-vc-full-width-init=\"false\" data-vc-stretch-content=\"true\" class=\"vc_row wpb_row vc_row-fluid vc_row-no-padding\"><div class=\"wpb_column vc_column_container vc_col-sm-12\"><div class=\"vc_column-inner\"><div class=\"wpb_wrapper\">\t\t<div class=\"promo-banner-wrapper\">\n\t\t\t<div id=\"wd-60e318eb02a80\" class=\"promo-banner banner-vr-align-middle banner-hr-align-center banner- banner-hover-zoom color-scheme-light banner-btn-size-default banner-btn-style-default wd-display-image\"  >\n\n\t\t\t\t<div class=\"main-wrapp-img\">\n\t\t\t\t\t\t\t\t\t\t\t<div class=\"banner-image\">\n\t\t\t\t\t\t\t<img loading=\"lazy\" decoding=\"async\" width=\"1920\" height=\"382\" src=\"https:\/\/woodlent.com.tr\/wp-content\/uploads\/2021\/07\/hakkimizda-banner.png\" class=\"promo-banner-image attachment-full\" alt=\"\" srcset=\"https:\/\/woodlent.com.tr\/wp-content\/uploads\/2021\/07\/hakkimizda-banner.png 1920w, https:\/\/woodlent.com.tr\/wp-content\/uploads\/2021\/07\/hakkimizda-banner-780x155.png 780w, https:\/\/woodlent.com.tr\/wp-content\/uploads\/2021\/07\/hakkimizda-banner-300x60.png 300w, https:\/\/woodlent.com.tr\/wp-content\/uploads\/2021\/07\/hakkimizda-banner-1024x204.png 1024w, https:\/\/woodlent.com.tr\/wp-content\/uploads\/2021\/07\/hakkimizda-banner-768x153.png 768w, https:\/\/woodlent.com.tr\/wp-content\/uploads\/2021\/07\/hakkimizda-banner-1536x306.png 1536w\" sizes=\"auto, (max-width: 1920px) 100vw, 1920px\" \/>\t\t\t\t\t\t<\/div>\n\t\t\t\t\t\t\t\t\t<\/div>\n\n\t\t\t\t<div class=\"wrapper-content-banner\">\n\t\t\t\t\t<div class=\"content-banner text-center content-width-100\">\n\t\t\t\t\t\t\t<div class=\"banner-title-wrap banner-title-extra-large\"><h2 class=\"banner-title woodmart-font-weight-\">\u0645\u0646 \u0646\u062d\u0646<\/h2><\/div>\n\t\t\t\t\t\t\t\t\t\t\t\t\t\t\t\t\t<\/div>\n\t\t\t\t<\/div>\n\t\t\t\t\t\t\t<\/div>\n\t\t<\/div>\n\t\t\n\t\t<\/div><\/div><\/div><\/div><div class=\"vc_row-full-width vc_clearfix\"><\/div><div id=\"row_tarih-ana\" class=\"vc_row wpb_row vc_row-fluid\"><div class=\"wpb_column vc_column_container vc_col-sm-12\"><div class=\"vc_column-inner\"><div class=\"wpb_wrapper\"><div id=\"ust-tarih\" class=\"vc_row wpb_row vc_inner vc_row-fluid\"><div class=\"wpb_column vc_column_container vc_col-sm-3\"><div class=\"vc_column-inner\"><div class=\"wpb_wrapper\"><\/div><\/div><\/div><div class=\"wpb_column vc_column_container vc_col-sm-3\" id=\"row_1980\"><div class=\"vc_column-inner\"><div class=\"wpb_wrapper\">\n\t<div class=\"wpb_text_column wpb_content_element\" >\n\t\t<div class=\"wpb_wrapper\">\n\t\t\t<p style=\"text-align: center;\"><span class=\"tarih\">1980<\/span><\/p>\n<p class=\"altyazi\" style=\"text-align: center;\">\u0627\u0643\u062a\u0633\u0628\u0646\u0627 \u0627\u0644\u0642\u0648\u0629 \u0645\u0646 \u062c\u0630\u0648\u0631 \u0627\u0644\u0623\u0634\u062c\u0627\u0631  \u0648\u0635\u0646\u0627\u0639\u0629 \u062a\u0644\u0628\u064a\u0633\u0627\u062a \u0642\u0634\u0648\u0631 \u0627\u0644\u062e\u0634\u0628<\/p>\n\n\t\t<\/div>\n\t<\/div>\n<\/div><\/div><\/div><div class=\"wpb_column vc_column_container vc_col-sm-3\"><div class=\"vc_column-inner\"><div class=\"wpb_wrapper\"><\/div><\/div><\/div><div class=\"wpb_column vc_column_container vc_col-sm-3\" id=\"row_2021\"><div class=\"vc_column-inner\"><div class=\"wpb_wrapper\">\n\t<div class=\"wpb_text_column wpb_content_element\" >\n\t\t<div class=\"wpb_wrapper\">\n\t\t\t<p style=\"text-align: center;\"><span class=\"tarih\">2021<\/span><\/p>\n<p class=\"altyazi\" style=\"text-align: center;\">\u0646\u062d\u0646 \u0646\u062a\u0627\u0628\u0639 \u0631\u062d\u0644\u0629 \u0639\u0644\u0627\u0645\u062a\u0646\u0627 \u0627\u0644\u062a\u062c\u0627\u0631\u064a\u0629<\/p>\n\n\t\t<\/div>\n\t<\/div>\n<\/div><\/div><\/div><div class=\"wpb_column vc_column_container vc_col-sm-12\" id=\"column-cizgi\"><div class=\"vc_column-inner\"><div class=\"wpb_wrapper\"><div class=\"vc_separator wpb_content_element vc_separator_align_center vc_sep_width_100 vc_sep_pos_align_center vc_separator_no_text vc_sep_color_orange\" ><span class=\"vc_sep_holder vc_sep_holder_l\"><span  class=\"vc_sep_line\"><\/span><\/span><span class=\"vc_sep_holder vc_sep_holder_r\"><span  class=\"vc_sep_line\"><\/span><\/span>\n<\/div><\/div><\/div><\/div><\/div><div id=\"alt-tarih\" class=\"vc_row wpb_row vc_inner vc_row-fluid\"><div class=\"wpb_column vc_column_container vc_col-sm-3\"><div class=\"vc_column-inner\"><div class=\"wpb_wrapper\">\n\t<div class=\"wpb_text_column wpb_content_element\" >\n\t\t<div class=\"wpb_wrapper\">\n\t\t\t<p style=\"text-align: center;\"><span class=\"tarih\">1970<\/span><\/p>\n<p class=\"altyazi2\" style=\"text-align: center;\">\u0628\u062f\u0623\u0646\u0627 \u0646\u0634\u0627\u0637\u0646\u0627 \u0627\u0644\u062a\u062c\u0627\u0631\u064a \u0628\u0628\u064a\u0639 \u0627\u0644\u0645\u0641\u0631\u0648\u0634\u0627\u062a<\/p>\n\n\t\t<\/div>\n\t<\/div>\n<\/div><\/div><\/div><div class=\"wpb_column vc_column_container vc_col-sm-3\"><div class=\"vc_column-inner\"><div class=\"wpb_wrapper\"><\/div><\/div><\/div><div class=\"wpb_column vc_column_container vc_col-sm-3\" id=\"row_2004\"><div class=\"vc_column-inner\"><div class=\"wpb_wrapper\">\n\t<div class=\"wpb_text_column wpb_content_element\" >\n\t\t<div class=\"wpb_wrapper\">\n\t\t\t<p style=\"text-align: center;\"><span class=\"tarih\">2004<\/span><\/p>\n<p class=\"altyazi2\" style=\"text-align: center;\">\u0628\u062f\u0623\u0646\u0627 \u0627\u0644\u0627\u0633\u062a\u062b\u0645\u0627\u0631 \u0628\u0623\u062f\u0648\u0627\u062a \u0627\u0644\u0636\u063a\u0637 \u0648\u0627\u0644\u0625\u0646\u0634\u0627\u0621<\/p>\n\n\t\t<\/div>\n\t<\/div>\n<\/div><\/div><\/div><div class=\"wpb_column vc_column_container vc_col-sm-3\"><div class=\"vc_column-inner\"><div class=\"wpb_wrapper\"><\/div><\/div><\/div><\/div><\/div><\/div><\/div><\/div><div class=\"vc_row wpb_row vc_row-fluid vc_row-o-equal-height vc_row-o-content-middle vc_row-flex\"><div class=\"wpb_column vc_column_container vc_col-sm-1\"><div class=\"vc_column-inner\"><div class=\"wpb_wrapper\"><\/div><\/div><\/div><div class=\"wpb_column vc_column_container vc_col-sm-10\"><div class=\"vc_column-inner\"><div class=\"wpb_wrapper\"><div id=\"row_hakkimizda\" class=\"vc_row wpb_row vc_inner vc_row-fluid\"><div class=\"wpb_column vc_column_container vc_col-sm-6\"><div class=\"vc_column-inner\"><div class=\"wpb_wrapper\">\n\t<div class=\"wpb_text_column wpb_content_element\" >\n\t\t<div class=\"wpb_wrapper\">\n\t\t\t<h1><span class=\"baslik1\">\u0645\u0646 \u0646\u062d\u0646<\/span><\/h1>\n<h2><span class=\"baslik2\">\u0627\u0644\u0627\u062d\u062a\u0631\u0627\u0641 \u062a\u0639\u0646\u064a \u0627\u0644\u062a\u0641\u0647\u0645<\/span><\/h2>\n<p class=\"paragraf1\" style=\"text-align: left;\">\u0639\u0646\u062f\u0645\u0627 \u0642\u062f\u0645\u062a \u0627\u0644\u0637\u0628\u064a\u0639\u0629 \u0646\u0641\u0633\u0647\u0627 \u0644\u0644\u0625\u0646\u0633\u0627\u0646 \u0641\u064a \u0623\u0646\u0642\u0649 \u0635\u0648\u0631\u0647\u0627 \u060c \u0643\u0627\u0646\u062a \u0628\u062d\u0627\u062c\u0629 \u0625\u0644\u0649 \u064a\u062f\u064a \u062d\u0637\u0627\u0628 \u0645\u0627\u0647\u0631. \u0639\u0646\u062f\u0645\u0627 \u064a\u062a\u0648\u0627\u062c\u062f \u0630\u0644\u0643 \u0627\u0644\u0641\u0646\u0627\u0646\u060c \u0641\u0625\u0646 \u0627\u0644\u062e\u0634\u0628 \u0627\u0644\u0630\u064a \u062a\u0648\u0641\u0631\u0647 \u0627\u0644\u0637\u0628\u064a\u0639\u0629 \u0633\u064a\u0643\u0648\u0646 \u0643\u0644 \u0634\u064a\u0621 \u0628\u0627\u0644\u0646\u0633\u0628\u0629 \u0644\u0646\u0627.<\/p>\n<p class=\"paragraf2\" style=\"text-align: left;\">\u062d\u064a\u0627\u0629 \u0634\u062c\u0631\u0629 \u0642\u062f \u062a\u062a\u063a\u064a\u0631 \u0628\u0623\u064a\u062f\u064a \u062d\u0631\u0641\u064a \u0645\u0627\u0647\u0631 .. \u064a\u0639\u0631\u0641 \u0643\u0644 \u062a\u0641\u0635\u064a\u0644\u0629 \u0645\u0646 \u062a\u0641\u0627\u0635\u064a\u0644 \u0627\u0644\u062e\u0634\u0628 \u0648 \u0627\u0644\u0644\u063a\u0629 \u0627\u0644\u062e\u0627\u0635\u0629 \u0628\u0643\u0644 \u0634\u062c\u0631\u0629.. \u0648\u0645\u0647\u0645\u0627 \u0643\u0627\u0646\u062a \u0627\u0644\u0645\u0627\u062f\u0629 \u0627\u0644\u062e\u0627\u0645 \u0627\u0644\u062a\u064a \u0628\u064a\u0646 \u064a\u062f\u064a\u0643 \u0641\u0625\u0646\u0647\u0627 \u0633\u0641\u062a\u062d \u0644\u0643 \u062c\u0645\u064a\u0639 \u0623\u0633\u0631\u0627\u0631\u0647\u0627 \u0644\u062a\u062e\u0631\u062c \u0623\u062c\u0645\u0644 \u0645\u0627 \u064a\u0645\u0643\u0646 \u0645\u0646\u0647\u0627 \u0639\u0646\u062f\u0645\u0627 \u062a\u062a\u0645\u0643\u0646 \u0645\u0646 \u0641\u0647\u0645\u0647\u0627..\u0648\u064a\u0628\u0642\u0649 \u0623\u0646 \u0646\u062a\u0630\u0643\u0631 \u0623\u0646 \u0627\u0644\u0634\u062c\u0631\u0629 \u0627\u0644\u0642\u0627\u062f\u0645\u0629 \u0645\u0646 \u0627\u0644\u0637\u0628\u064a\u0639\u0629 \u0647\u064a \u0623\u062f\u0627\u0629 \u0625\u0628\u062f\u0627\u0639\u0646\u0627 \u0648\u0645\u0635\u062f\u0631 \u0625\u0644\u0647\u0627\u0645\u0646\u0627 \u0641\u064a \u0627\u0644\u0648\u0642\u062a \u0639\u064a\u0646\u0647<\/p>\n\n\t\t<\/div>\n\t<\/div>\n<\/div><\/div><\/div><div class=\"wpb_column vc_column_container vc_col-sm-6\"><div class=\"vc_column-inner\"><div class=\"wpb_wrapper\">\n\t<div  class=\"wpb_single_image wpb_content_element vc_align_center\">\n\t\t\n\t\t<figure class=\"wpb_wrapper vc_figure\">\n\t\t\t<div class=\"vc_single_image-wrapper   vc_box_border_grey\"><img loading=\"lazy\" decoding=\"async\" width=\"521\" height=\"604\" src=\"https:\/\/woodlent.com.tr\/wp-content\/uploads\/2021\/07\/hakkimizda-resim1.png\" class=\"vc_single_image-img attachment-full\" alt=\"\" \/><\/div>\n\t\t<\/figure>\n\t<\/div>\n<\/div><\/div><\/div><\/div><div id=\"row_misyon\" class=\"vc_row wpb_row vc_inner vc_row-fluid\"><div class=\"wpb_column vc_column_container vc_col-sm-6\"><div class=\"vc_column-inner\"><div class=\"wpb_wrapper\">\n\t<div  class=\"wpb_single_image wpb_content_element vc_align_center\">\n\t\t\n\t\t<figure class=\"wpb_wrapper vc_figure\">\n\t\t\t<div class=\"vc_single_image-wrapper   vc_box_border_grey\"><img loading=\"lazy\" decoding=\"async\" width=\"521\" height=\"604\" src=\"https:\/\/woodlent.com.tr\/wp-content\/uploads\/2021\/07\/hakkimizda-resim2.png\" class=\"vc_single_image-img attachment-full\" alt=\"\" \/><\/div>\n\t\t<\/figure>\n\t<\/div>\n<\/div><\/div><\/div><div class=\"wpb_column vc_column_container vc_col-sm-6\" id=\"column-misyon\"><div class=\"vc_column-inner\"><div class=\"wpb_wrapper\">\n\t<div class=\"wpb_text_column wpb_content_element\" >\n\t\t<div class=\"wpb_wrapper\">\n\t\t\t<p style=\"text-align: right;\"><span class=\"misyon\">\u0645\u0647\u0645\u062a\u0646\u0627<\/span><br \/>\n<span class=\"dogadan\">\u062a\u0645 \u0627\u0633\u062a\u0644\u0647\u0627\u0645\u0647 \u0645\u0646 \u0627\u0644\u0637\u0628\u064a\u0639\u0629<\/span><\/p>\n<p class=\"paragraf3\" style=\"text-align: right;\">\u0628\u064a\u0646\u0645\u0627 \u0643\u0646\u0627 \u0646\u0646\u0645\u0648 \u062e\u0644\u0627\u0644 45 \u0639\u0627\u0645\u0627\u064b \u0645\u0646 \u0627\u0644\u062e\u0628\u0631\u0629 .. \u0643\u0627\u0646 \u0641\u064a \u0623\u0648\u0644\u0648\u064a\u0627\u062a\u0646\u0627 \u0627\u0644\u0634\u0631\u064a\u062d\u0629 \u0627\u0644\u0642\u0627\u062f\u0631\u0629 \u0639\u0644\u0649 \u062a\u0642\u062f\u064a\u0631 \u0627\u0644\u0645\u0646\u062a\u062c..\u0643\u0627\u0646 \u064a\u0639\u0646\u064a\u0646\u0627 \u0623\u0646 \u0646\u0646\u062a\u062c \u0642\u0628\u0644 \u0623\u0646 \u0646\u0633\u062a\u0647\u0644\u0643 ..  \u0648\u0623\u0646 \u0644\u0627 \u062a\u0641\u0633\u062f \u0627\u0644\u062c\u0648\u062f\u0629 \u0627\u0644\u0623\u0635\u0644.. \u0648\u0645\u0634\u064a\u0646\u0627 \u0628\u062e\u0637\u0648\u0627\u062a \u062b\u0627\u0628\u062a\u0629 \u062f\u0648\u0646 \u0627\u0644\u062a\u0636\u062d\u064a\u0629 \u0628\u0627\u0644\u062f\u0642\u0629.. \u0644\u0642\u062f \u0623\u0646\u0635\u062a\u0646\u0627 \u0625\u0644\u0649 \u0627\u0644\u0623\u0634\u062c\u0627\u0631.. \u0648\u0627\u0633\u062a\u062e\u0631\u062c\u0646\u0627 \u0645\u0646\u0647\u0627 \u0627\u0644\u0623\u062c\u0645\u0644.. \u0648\u0639\u0645\u0644\u0646\u0627 \u0639\u0644\u0649 \u062a\u0623\u0633\u064a\u0633 \u0627\u0644\u0645\u0641\u0627\u0647\u064a\u0645 \u0627\u0644\u062e\u0627\u0635\u0629 \u0628\u0627\u0644\u062f\u064a\u0643\u0648\u0631 \u0648\u0627\u0644\u0632\u062e\u0631\u0641\u0629 \u062c\u0646\u0628\u0627\u064b \u0625\u0644\u0649 \u062c\u0646\u0628 \u0645\u0639 \u0623\u062b\u0627\u062b \u0639\u0627\u0644\u064a \u0627\u0644\u062c\u0648\u062f\u0629.. \u0644\u0642\u062f \u0643\u0627\u0646\u062a Woodlent \u0633\u0639\u064a\u062f\u0629 \u062f\u0648\u0645\u0627\u064b \u0644\u0641\u0647\u0645\u0647\u0627 \u0644\u063a\u0629 \u0627\u0644\u0623\u0634\u062c\u0627\u0631 \u0648\u062a\u0642\u062f\u064a\u0645\u0647\u0627 \u0625\u0644\u0649 \u0643\u0644 \u0645\u0646 \u0627\u0644\u0634\u0631\u0643\u0627\u062a \u0648\u0627\u0644\u0623\u0641\u0631\u0627\u062f \u0648\u0633\u0646\u0633\u062a\u0645\u0631 \u0641\u064a \u0647\u0630\u0627 \u0627\u0644\u0639\u0645\u0644 \u0641\u064a \u0627\u0644\u0645\u0633\u062a\u0642\u0628\u0644<\/p>\n\n\t\t<\/div>\n\t<\/div>\n<\/div><\/div><\/div><\/div><div id=\"row_vizyon\" class=\"vc_row wpb_row vc_inner vc_row-fluid\"><div class=\"wpb_column vc_column_container vc_col-sm-6\"><div class=\"vc_column-inner\"><div class=\"wpb_wrapper\">\n\t<div class=\"wpb_text_column wpb_content_element\" >\n\t\t<div class=\"wpb_wrapper\">\n\t\t\t<p style=\"text-align: left;\"><span class=\"baslik1\">\u0631\u0624\u064a\u062a\u0646\u0627<\/span><br \/>\n<span class=\"baslik2\">\u0646\u0642\u0644 \u0627\u0644\u0642\u064a\u0645\u0629 \u0625\u0644\u0649 \u0627\u0644\u0645\u0633\u062a\u0642\u0628\u0644<\/span><\/p>\n<p class=\"paragraf1\" style=\"text-align: left;\">\u0646\u062d\u0646 \u0639\u0644\u0649 \u0642\u0646\u0627\u0639\u0629 \u0628\u0623\u0646 \u0647\u0646\u0627\u0643 \u0646\u0648\u0639\u0627\u064b \u0645\u0646 \u0627\u0644\u0648\u0639\u064a \u0648\u0627\u0644\u0646\u0648\u0639\u064a\u0629 \u0627\u0644\u062a\u064a \u064a\u062c\u0628 \u0623\u0646 \u062a\u0631\u0627\u0641\u0642\u0646\u0627 \u0646\u062d\u0648 \u0627\u0644\u0645\u0633\u062a\u0642\u0628\u0644 .. \u062a\u0639\u0644\u0645\u0646\u0627 \u0645\u0646 \u0627\u0644\u0637\u0628\u064a\u0639\u0629 \u0623\u0646 \u0646\u0643\u0648\u0646 \u0645\u0646\u0641\u062a\u062d\u064a\u0646 \u0648\u0647\u0630\u0627 \u0647\u0648 \u0647\u062f\u0641\u0646\u0627 \u0627\u0644\u0623\u0633\u0627\u0633\u064a .. \u0639\u0644\u0649 \u0627\u0644\u0631\u063a\u0645 \u0645\u0646 \u0643\u0648\u0646\u0646\u0627 \u0627\u0644\u0623\u0643\u0628\u0631 \u0639\u0644\u0649 \u0645\u0633\u062a\u0648\u0649 \u062a\u0631\u0643\u064a\u0627 \u0641\u064a \u062d\u062c\u0645 \u0627\u0644\u0635\u0627\u062f\u0631\u0627\u062a \u0648 \u0646\u0645\u0627\u0631\u0633 \u0645\u0647\u0645\u062a\u0646\u0627 \u0641\u064a \u0643\u0648\u0646\u0646\u0627 \u0648\u0633\u064a\u0637\u0627\u064b \u0641\u064a \u0647\u0630\u0627 \u0627\u0644\u0645\u062c\u0627\u0644 \u0625\u0644\u0627 \u0623\u0646 \u0627\u0644\u0647\u062f\u0641 \u0647\u0648 \u0623\u0646 \u0646\u0642\u0648\u0645 \u0628\u0646\u0634\u0631 \u0647\u0630\u0647 \u0627\u0644\u062c\u0648\u062f\u0629 \u062d\u0648\u0644 \u0627\u0644\u0639\u0627\u0644\u0645 .. \u0627\u0644\u0625\u062a\u0642\u0627\u0646 \u0648\u0627\u0644\u062d\u0631\u0641\u064a\u0629 \u0627\u0644\u062f\u0642\u064a\u0642\u0629 \u064a\u062c\u0628 \u0623\u0646 \u062a\u062a\u0631\u062c\u0645 \u0625\u0644\u0649 \u0643\u0644 \u0627\u0644\u0644\u063a\u0627\u062a \u0627\u0644\u0639\u0627\u0644\u0645 \u0645\u0646 \u062e\u0644\u0627\u0644 Woodlent<\/p>\n<p class=\"paragraf1\">\u0646\u062d\u0646 \u0646\u062f\u0631\u0643 \u0623\u0646\u0646\u0627 \u0648\u0635\u0644\u0646\u0627 \u0625\u0644\u0649 \u0627\u0644\u0639\u0627\u0644\u0645 \u0628\u0623\u0633\u0631\u0647  \u062e\u0644\u0627\u0644 45 \u0639\u0627\u0645\u0627\u064b \u0645\u0646 \u0627\u0644\u0639\u0645\u0644 \u0648\u0627\u0644\u0642\u064a\u0645\u0629 \u0627\u0644\u062a\u064a \u062d\u0635\u0644\u0646\u0627 \u0639\u0644\u064a\u0647\u0627 \u0645\u0646 \u062e\u0644\u0627\u0644 \u062b\u0642\u062a\u0643\u0645 .. \u0648\u0633\u0646\u0639\u0645\u0644 \u062f\u0648\u0646 \u062a\u0631\u062f\u062f \u0639\u0644\u0649 \u062a\u0637\u0648\u064a\u0631 \u0623\u0646\u0641\u0633\u0646\u0627 \u0648\u0627\u0644\u0639\u0645\u0644 \u0644\u0644\u0648\u0635\u0648\u0644 \u0625\u0644\u0649 \u0625\u0646\u062c\u0627\u0632\u0627\u062a \u062c\u062f\u064a\u062f\u0629<\/p>\n<p>&nbsp;<\/p>\n<p class=\"paragraf1\">\n\n\t\t<\/div>\n\t<\/div>\n<\/div><\/div><\/div><div class=\"wpb_column vc_column_container vc_col-sm-6\"><div class=\"vc_column-inner\"><div class=\"wpb_wrapper\">\n\t<div  class=\"wpb_single_image wpb_content_element vc_align_center\">\n\t\t\n\t\t<figure class=\"wpb_wrapper vc_figure\">\n\t\t\t<div class=\"vc_single_image-wrapper   vc_box_border_grey\"><img loading=\"lazy\" decoding=\"async\" width=\"521\" height=\"604\" src=\"https:\/\/woodlent.com.tr\/wp-content\/uploads\/2021\/07\/hakkimizda-resim3.png\" class=\"vc_single_image-img attachment-full\" alt=\"\" \/><\/div>\n\t\t<\/figure>\n\t<\/div>\n<\/div><\/div><\/div><\/div><\/div><\/div><\/div><div class=\"wpb_column vc_column_container vc_col-sm-1\"><div class=\"vc_column-inner\"><div class=\"wpb_wrapper\"><\/div><\/div><\/div><\/div><div class=\"vc_row wpb_row vc_row-fluid\"><div class=\"wpb_column vc_column_container vc_col-sm-12\"><div class=\"vc_column-inner\"><div class=\"wpb_wrapper\">\n\t<div class=\"wpb_text_column wpb_content_element\" >\n\t\t<div class=\"wpb_wrapper\">\n\t\t\t\n\t\t<\/div>\n\t<\/div>\n<\/div><\/div><\/div><\/div>","protected":false},"excerpt":{"rendered":"Hakk\u0131m\u0131zda 1980 Tomruk ve kaplama ile sekt\u00f6rde ivme kazand\u0131k 2021 Marka yolculu\u011fumuza devam ediyoruz. 1970 Mobilyac\u0131l\u0131k ile ticari kariyerimiz ba\u015flad\u0131.","protected":false},"author":1,"featured_media":0,"parent":0,"menu_order":0,"comment_status":"closed","ping_status":"closed","template":"","meta":{"footnotes":""},"class_list":["post-33","page","type-page","status-publish","hentry"],"yoast_head":"<!-- This site is optimized with the Yoast SEO Premium plugin v16.0.3 (Yoast SEO v19.9) - https:\/\/yoast.com\/wordpress\/plugins\/seo\/ -->\n<title>Hakk\u0131m\u0131zda - Woodlent<\/title>\n<meta name=\"robots\" content=\"index, follow, max-snippet:-1, max-image-preview:large, max-video-preview:-1\" \/>\n<link rel=\"canonical\" href=\"https:\/\/woodlent.com.tr\/ar\/\u0645\u0646-\u0646\u062d\u0646\/\" \/>\n<meta property=\"og:locale\" content=\"ar_AR\" \/>\n<meta property=\"og:type\" content=\"article\" \/>\n<meta property=\"og:title\" content=\"Hakk\u0131m\u0131zda - Woodlent\" \/>\n<meta property=\"og:url\" content=\"https:\/\/woodlent.com.tr\/ar\/\u0645\u0646-\u0646\u062d\u0646\/\" \/>\n<meta property=\"og:site_name\" content=\"Woodlent\" \/>\n<meta property=\"article:modified_time\" content=\"2022-07-20T07:14:41+00:00\" \/>\n<meta name=\"twitter:card\" content=\"summary_large_image\" \/>\n<meta name=\"twitter:label1\" content=\"\u0648\u0642\u062a \u0627\u0644\u0642\u0631\u0627\u0621\u0629 \u0627\u0644\u0645\u064f\u0642\u062f\u0651\u0631\" \/>\n\t<meta name=\"twitter:data1\" content=\"\u062f\u0642\u064a\u0642\u062a\u0627\u0646\" \/>\n<script type=\"application\/ld+json\" class=\"yoast-schema-graph\">{\"@context\":\"https:\/\/schema.org\",\"@graph\":[{\"@type\":\"WebPage\",\"@id\":\"https:\/\/woodlent.com.tr\/woodlent-hakkimizda\/\",\"url\":\"https:\/\/woodlent.com.tr\/woodlent-hakkimizda\/\",\"name\":\"Hakk\u0131m\u0131zda - Woodlent\",\"isPartOf\":{\"@id\":\"https:\/\/woodlent.com.tr\/#website\"},\"datePublished\":\"2020-12-21T06:19:45+00:00\",\"dateModified\":\"2022-07-20T07:14:41+00:00\",\"breadcrumb\":{\"@id\":\"https:\/\/woodlent.com.tr\/woodlent-hakkimizda\/#breadcrumb\"},\"inLanguage\":\"ar\",\"potentialAction\":[{\"@type\":\"ReadAction\",\"target\":[\"https:\/\/woodlent.com.tr\/woodlent-hakkimizda\/\"]}]},{\"@type\":\"BreadcrumbList\",\"@id\":\"https:\/\/woodlent.com.tr\/woodlent-hakkimizda\/#breadcrumb\",\"itemListElement\":[{\"@type\":\"ListItem\",\"position\":1,\"name\":\"Ana sayfa\",\"item\":\"https:\/\/woodlent.com.tr\/\"},{\"@type\":\"ListItem\",\"position\":2,\"name\":\"Hakk\u0131m\u0131zda\"}]},{\"@type\":\"WebSite\",\"@id\":\"https:\/\/woodlent.com.tr\/#website\",\"url\":\"https:\/\/woodlent.com.tr\/\",\"name\":\"Woodlent\",\"description\":\"-\",\"potentialAction\":[{\"@type\":\"SearchAction\",\"target\":{\"@type\":\"EntryPoint\",\"urlTemplate\":\"https:\/\/woodlent.com.tr\/?s={search_term_string}\"},\"query-input\":\"required name=search_term_string\"}],\"inLanguage\":\"ar\"}]}<\/script>\n<!-- \/ Yoast SEO Premium plugin. -->","yoast_head_json":{"title":"Hakk\u0131m\u0131zda - Woodlent","robots":{"index":"index","follow":"follow","max-snippet":"max-snippet:-1","max-image-preview":"max-image-preview:large","max-video-preview":"max-video-preview:-1"},"canonical":"https:\/\/woodlent.com.tr\/ar\/\u0645\u0646-\u0646\u062d\u0646\/","og_locale":"ar_AR","og_type":"article","og_title":"Hakk\u0131m\u0131zda - Woodlent","og_url":"https:\/\/woodlent.com.tr\/ar\/\u0645\u0646-\u0646\u062d\u0646\/","og_site_name":"Woodlent","article_modified_time":"2022-07-20T07:14:41+00:00","twitter_card":"summary_large_image","twitter_misc":{"\u0648\u0642\u062a \u0627\u0644\u0642\u0631\u0627\u0621\u0629 \u0627\u0644\u0645\u064f\u0642\u062f\u0651\u0631":"\u062f\u0642\u064a\u0642\u062a\u0627\u0646"},"schema":{"@context":"https:\/\/schema.org","@graph":[{"@type":"WebPage","@id":"https:\/\/woodlent.com.tr\/woodlent-hakkimizda\/","url":"https:\/\/woodlent.com.tr\/woodlent-hakkimizda\/","name":"Hakk\u0131m\u0131zda - Woodlent","isPartOf":{"@id":"https:\/\/woodlent.com.tr\/#website"},"datePublished":"2020-12-21T06:19:45+00:00","dateModified":"2022-07-20T07:14:41+00:00","breadcrumb":{"@id":"https:\/\/woodlent.com.tr\/woodlent-hakkimizda\/#breadcrumb"},"inLanguage":"ar","potentialAction":[{"@type":"ReadAction","target":["https:\/\/woodlent.com.tr\/woodlent-hakkimizda\/"]}]},{"@type":"BreadcrumbList","@id":"https:\/\/woodlent.com.tr\/woodlent-hakkimizda\/#breadcrumb","itemListElement":[{"@type":"ListItem","position":1,"name":"Ana sayfa","item":"https:\/\/woodlent.com.tr\/"},{"@type":"ListItem","position":2,"name":"Hakk\u0131m\u0131zda"}]},{"@type":"WebSite","@id":"https:\/\/woodlent.com.tr\/#website","url":"https:\/\/woodlent.com.tr\/","name":"Woodlent","description":"-","potentialAction":[{"@type":"SearchAction","target":{"@type":"EntryPoint","urlTemplate":"https:\/\/woodlent.com.tr\/?s={search_term_string}"},"query-input":"required name=search_term_string"}],"inLanguage":"ar"}]}},"_links":{"self":[{"href":"https:\/\/woodlent.com.tr\/ar\/wp-json\/wp\/v2\/pages\/33","targetHints":{"allow":["GET"]}}],"collection":[{"href":"https:\/\/woodlent.com.tr\/ar\/wp-json\/wp\/v2\/pages"}],"about":[{"href":"https:\/\/woodlent.com.tr\/ar\/wp-json\/wp\/v2\/types\/page"}],"author":[{"embeddable":true,"href":"https:\/\/woodlent.com.tr\/ar\/wp-json\/wp\/v2\/users\/1"}],"replies":[{"embeddable":true,"href":"https:\/\/woodlent.com.tr\/ar\/wp-json\/wp\/v2\/comments?post=33"}],"version-history":[{"count":35,"href":"https:\/\/woodlent.com.tr\/ar\/wp-json\/wp\/v2\/pages\/33\/revisions"}],"predecessor-version":[{"id":1161,"href":"https:\/\/woodlent.com.tr\/ar\/wp-json\/wp\/v2\/pages\/33\/revisions\/1161"}],"wp:attachment":[{"href":"https:\/\/woodlent.com.tr\/ar\/wp-json\/wp\/v2\/media?parent=33"}],"curies":[{"name":"wp","href":"https:\/\/api.w.org\/{rel}","templated":true}]}}