{"id":305,"date":"2021-07-05T16:27:16","date_gmt":"2021-07-05T13:27:16","guid":{"rendered":"https:\/\/woodlent.com.tr\/?page_id=305"},"modified":"2021-09-08T11:44:54","modified_gmt":"2021-09-08T08:44:54","slug":"uretim","status":"publish","type":"page","link":"https:\/\/woodlent.com.tr\/en\/uretim\/","title":{"rendered":"Production"},"content":{"rendered":"<div id=\"row_banner\" data-vc-full-width=\"true\" data-vc-full-width-init=\"false\" data-vc-stretch-content=\"true\" class=\"vc_row wpb_row vc_row-fluid vc_row-no-padding\"><div class=\"wpb_column vc_column_container vc_col-sm-12\"><div class=\"vc_column-inner\"><div class=\"wpb_wrapper\">\t\t<div class=\"promo-banner-wrapper\">\n\t\t\t<div id=\"wd-60e31c67ac732\" class=\"promo-banner banner-vr-align-middle banner-hr-align-center banner- banner-hover-zoom color-scheme-light banner-btn-size-default banner-btn-style-default wd-display-image\"  >\n\n\t\t\t\t<div class=\"main-wrapp-img\">\n\t\t\t\t\t\t\t\t\t\t\t<div class=\"banner-image\">\n\t\t\t\t\t\t\t<img loading=\"lazy\" decoding=\"async\" width=\"1920\" height=\"382\" src=\"https:\/\/woodlent.com.tr\/wp-content\/uploads\/2021\/07\/uretim-banner-1.png\" class=\"promo-banner-image attachment-full\" alt=\"\" srcset=\"https:\/\/woodlent.com.tr\/wp-content\/uploads\/2021\/07\/uretim-banner-1.png 1920w, https:\/\/woodlent.com.tr\/wp-content\/uploads\/2021\/07\/uretim-banner-1-780x155.png 780w\" sizes=\"auto, (max-width: 1920px) 100vw, 1920px\" \/>\t\t\t\t\t\t<\/div>\n\t\t\t\t\t\t\t\t\t<\/div>\n\n\t\t\t\t<div class=\"wrapper-content-banner\">\n\t\t\t\t\t<div class=\"content-banner text-center content-width-100\">\n\t\t\t\t\t\t\t<div class=\"banner-title-wrap banner-title-extra-large\"><h1 class=\"banner-title woodmart-font-weight-\">Production<\/h1><\/div>\n\t\t\t\t\t\t\t\t\t\t\t\t\t\t\t\t\t<\/div>\n\t\t\t\t<\/div>\n\t\t\t\t\t\t\t<\/div>\n\t\t<\/div>\n\t\t\n\t\t<\/div><\/div><\/div><\/div><div class=\"vc_row-full-width vc_clearfix\"><\/div><div id=\"row_video-list\" class=\"vc_row wpb_row vc_row-fluid\"><div class=\"wpb_column vc_column_container vc_col-sm-1\"><div class=\"vc_column-inner\"><div class=\"wpb_wrapper\"><\/div><\/div><\/div><div class=\"wpb_column vc_column_container vc_col-sm-10\"><div class=\"vc_column-inner\"><div class=\"wpb_wrapper\"><div class=\"vc_row wpb_row vc_inner vc_row-fluid\"><div class=\"wpb_column vc_column_container vc_col-sm-6\" id=\"row_video-click\"><div class=\"vc_column-inner\"><div class=\"wpb_wrapper\">\n\t<div class=\"wpb_video_widget wpb_content_element vc_clearfix video-tutkal-pres vc_custom_1625556806388 vc_video-aspect-ratio-169 vc_video-el-width-100 vc_video-align-center\" >\n\t\t<div class=\"wpb_wrapper\">\n\t\t\t\n\t\t\t<div class=\"wpb_video_wrapper\"><iframe loading=\"lazy\" title=\"pressleme.mp4\" src=\"https:\/\/player.vimeo.com\/video\/571247904?dnt=1&amp;app_id=122963\" width=\"500\" height=\"281\" frameborder=\"0\" allow=\"autoplay; fullscreen; picture-in-picture; clipboard-write\"><\/iframe><\/div>\n\t\t<\/div>\n\t<\/div>\n<div id=\"wd-60e31567c59b0\" class=\"woodmart-button-wrapper text-center\"><a  class=\"btn btn-color-default btn-style-default btn-shape-rectangle btn-size-default butons-tutkal\">Gluing<\/a><\/div><\/div><\/div><\/div><div class=\"wpb_column vc_column_container vc_col-sm-6\" id=\"row_video-click\"><div class=\"vc_column-inner\"><div class=\"wpb_wrapper\">\n\t<div class=\"wpb_video_widget wpb_content_element vc_clearfix video-tutkal-pres vc_custom_1625494688720 vc_video-aspect-ratio-169 vc_video-el-width-100 vc_video-align-center\" >\n\t\t<div class=\"wpb_wrapper\">\n\t\t\t\n\t\t\t<div class=\"wpb_video_wrapper\"><iframe loading=\"lazy\" title=\"pressleme.mp4\" src=\"https:\/\/player.vimeo.com\/video\/571252877?dnt=1&amp;app_id=122963\" width=\"500\" height=\"281\" frameborder=\"0\" allow=\"autoplay; fullscreen; picture-in-picture; clipboard-write\"><\/iframe><\/div>\n\t\t<\/div>\n\t<\/div>\n<div id=\"wd-60e3157914fd7\" class=\"woodmart-button-wrapper text-center\"><a  class=\"btn btn-color-default btn-style-default btn-shape-rectangle btn-size-default butons-tutkal\">Press<\/a><\/div><\/div><\/div><\/div><\/div><div id=\"row_giyotin\" class=\"vc_row wpb_row vc_inner vc_row-fluid\"><div class=\"wpb_column vc_column_container vc_col-sm-6\" id=\"row_video-click\"><div class=\"vc_column-inner\"><div class=\"wpb_wrapper\">\n\t<div class=\"wpb_video_widget wpb_content_element vc_clearfix video-tutkal-pres vc_custom_1625494696684 vc_video-aspect-ratio-169 vc_video-el-width-100 vc_video-align-center\" >\n\t\t<div class=\"wpb_wrapper\">\n\t\t\t\n\t\t\t<div class=\"wpb_video_wrapper\"><iframe loading=\"lazy\" title=\"giyotin.mp4\" src=\"https:\/\/player.vimeo.com\/video\/571255331?dnt=1&amp;app_id=122963\" width=\"500\" height=\"281\" frameborder=\"0\" allow=\"autoplay; fullscreen; picture-in-picture; clipboard-write\"><\/iframe><\/div>\n\t\t<\/div>\n\t<\/div>\n<div id=\"wd-60e3157fea4d2\" class=\"woodmart-button-wrapper text-center\"><a  class=\"btn btn-color-default btn-style-default btn-shape-rectangle btn-size-default butons-tutkal\">Guillotine<\/a><\/div><\/div><\/div><\/div><div class=\"wpb_column vc_column_container vc_col-sm-6\" id=\"row_video-click\"><div class=\"vc_column-inner\"><div class=\"wpb_wrapper\">\n\t<div class=\"wpb_video_widget wpb_content_element vc_clearfix vc_video-aspect-ratio-169 vc_video-el-width-100 vc_video-align-center\" >\n\t\t<div class=\"wpb_wrapper\">\n\t\t\t\n\t\t\t<div class=\"wpb_video_wrapper\"><iframe loading=\"lazy\" title=\"kafa-kesme.mp4\" src=\"https:\/\/player.vimeo.com\/video\/571549558?dnt=1&amp;app_id=122963\" width=\"500\" height=\"281\" frameborder=\"0\" allow=\"autoplay; fullscreen; picture-in-picture; clipboard-write\"><\/iframe><\/div>\n\t\t<\/div>\n\t<\/div>\n<div id=\"wd-6138779256800\" class=\"woodmart-button-wrapper text-center\"><a  class=\"btn btn-color-default btn-style-default btn-shape-rectangle btn-size-default butons-tutkal\">Cut To Length<\/a><\/div><\/div><\/div><\/div><\/div><div id=\"row_giyotin\" class=\"vc_row wpb_row vc_inner vc_row-fluid\"><div class=\"wpb_column vc_column_container vc_col-sm-6\" id=\"row_video-click\"><div class=\"vc_column-inner\"><div class=\"wpb_wrapper\">\n\t<div class=\"wpb_video_widget wpb_content_element vc_clearfix video-tutkal-pres vc_custom_1625558044331 vc_video-aspect-ratio-169 vc_video-el-width-100 vc_video-align-center\" >\n\t\t<div class=\"wpb_wrapper\">\n\t\t\t\n\t\t\t<div class=\"wpb_video_wrapper\"><iframe loading=\"lazy\" title=\"yapistirma.mp4\" src=\"https:\/\/player.vimeo.com\/video\/571550335?dnt=1&amp;app_id=122963\" width=\"500\" height=\"281\" frameborder=\"0\" allow=\"autoplay; fullscreen; picture-in-picture; clipboard-write\"><\/iframe><\/div>\n\t\t<\/div>\n\t<\/div>\n<div id=\"wd-60e40c8aa1631\" class=\"woodmart-button-wrapper text-center\"><a  class=\"btn btn-color-default btn-style-default btn-shape-rectangle btn-size-default butons-tutkal\">Splicing<\/a><\/div><\/div><\/div><\/div><div class=\"wpb_column vc_column_container vc_col-sm-6\" id=\"row_video-click\"><div class=\"vc_column-inner\"><div class=\"wpb_wrapper\">\n\t<div class=\"wpb_video_widget wpb_content_element vc_clearfix vc_video-aspect-ratio-169 vc_video-el-width-100 vc_video-align-center\" >\n\t\t<div class=\"wpb_wrapper\">\n\t\t\t\n\t\t\t<div class=\"wpb_video_wrapper\"><iframe loading=\"lazy\" title=\"z\u0131mpara.mp4\" src=\"https:\/\/player.vimeo.com\/video\/571551387?dnt=1&amp;app_id=122963\" width=\"500\" height=\"281\" frameborder=\"0\" allow=\"autoplay; fullscreen; picture-in-picture; clipboard-write\"><\/iframe><\/div>\n\t\t<\/div>\n\t<\/div>\n<div id=\"wd-60e40ca8a1999\" class=\"woodmart-button-wrapper text-center\"><a  class=\"btn btn-color-default btn-style-default btn-shape-rectangle btn-size-default butons-tutkal\">Sanding<\/a><\/div><\/div><\/div><\/div><\/div><\/div><\/div><\/div><div class=\"wpb_column vc_column_container vc_col-sm-1\"><div class=\"vc_column-inner\"><div class=\"wpb_wrapper\"><\/div><\/div><\/div><\/div>","protected":false},"excerpt":{"rendered":"\u00dcretim Tutkallama Press Giyotin Boy Kesme Yap\u0131\u015ft\u0131rma Z\u0131mpara","protected":false},"author":1,"featured_media":0,"parent":0,"menu_order":0,"comment_status":"closed","ping_status":"closed","template":"","meta":{"footnotes":""},"class_list":["post-305","page","type-page","status-publish","hentry"],"yoast_head":"<!-- This site is optimized with the Yoast SEO Premium plugin v16.0.3 (Yoast SEO v19.9) - https:\/\/yoast.com\/wordpress\/plugins\/seo\/ -->\n<title>\u00dcretim - Woodlent<\/title>\n<meta name=\"robots\" content=\"index, follow, max-snippet:-1, max-image-preview:large, max-video-preview:-1\" \/>\n<link rel=\"canonical\" href=\"https:\/\/woodlent.com.tr\/en\/uretim\/\" \/>\n<meta property=\"og:locale\" content=\"en_GB\" \/>\n<meta property=\"og:type\" content=\"article\" \/>\n<meta property=\"og:title\" content=\"\u00dcretim - Woodlent\" \/>\n<meta property=\"og:url\" content=\"https:\/\/woodlent.com.tr\/en\/uretim\/\" \/>\n<meta property=\"og:site_name\" content=\"Woodlent\" \/>\n<meta property=\"article:modified_time\" content=\"2021-09-08T08:44:54+00:00\" \/>\n<meta name=\"twitter:card\" content=\"summary_large_image\" \/>\n<meta name=\"twitter:label1\" content=\"Estimated reading time\" \/>\n\t<meta name=\"twitter:data1\" content=\"1 minute\" \/>\n<script type=\"application\/ld+json\" class=\"yoast-schema-graph\">{\"@context\":\"https:\/\/schema.org\",\"@graph\":[{\"@type\":\"WebPage\",\"@id\":\"https:\/\/woodlent.com.tr\/uretim\/\",\"url\":\"https:\/\/woodlent.com.tr\/uretim\/\",\"name\":\"\u00dcretim - Woodlent\",\"isPartOf\":{\"@id\":\"https:\/\/woodlent.com.tr\/#website\"},\"datePublished\":\"2021-07-05T13:27:16+00:00\",\"dateModified\":\"2021-09-08T08:44:54+00:00\",\"breadcrumb\":{\"@id\":\"https:\/\/woodlent.com.tr\/uretim\/#breadcrumb\"},\"inLanguage\":\"en-GB\",\"potentialAction\":[{\"@type\":\"ReadAction\",\"target\":[\"https:\/\/woodlent.com.tr\/uretim\/\"]}]},{\"@type\":\"BreadcrumbList\",\"@id\":\"https:\/\/woodlent.com.tr\/uretim\/#breadcrumb\",\"itemListElement\":[{\"@type\":\"ListItem\",\"position\":1,\"name\":\"Ana sayfa\",\"item\":\"https:\/\/woodlent.com.tr\/\"},{\"@type\":\"ListItem\",\"position\":2,\"name\":\"\u00dcretim\"}]},{\"@type\":\"WebSite\",\"@id\":\"https:\/\/woodlent.com.tr\/#website\",\"url\":\"https:\/\/woodlent.com.tr\/\",\"name\":\"Woodlent\",\"description\":\"-\",\"potentialAction\":[{\"@type\":\"SearchAction\",\"target\":{\"@type\":\"EntryPoint\",\"urlTemplate\":\"https:\/\/woodlent.com.tr\/?s={search_term_string}\"},\"query-input\":\"required name=search_term_string\"}],\"inLanguage\":\"en-GB\"}]}<\/script>\n<!-- \/ Yoast SEO Premium plugin. -->","yoast_head_json":{"title":"\u00dcretim - Woodlent","robots":{"index":"index","follow":"follow","max-snippet":"max-snippet:-1","max-image-preview":"max-image-preview:large","max-video-preview":"max-video-preview:-1"},"canonical":"https:\/\/woodlent.com.tr\/en\/uretim\/","og_locale":"en_GB","og_type":"article","og_title":"\u00dcretim - Woodlent","og_url":"https:\/\/woodlent.com.tr\/en\/uretim\/","og_site_name":"Woodlent","article_modified_time":"2021-09-08T08:44:54+00:00","twitter_card":"summary_large_image","twitter_misc":{"Estimated reading time":"1 minute"},"schema":{"@context":"https:\/\/schema.org","@graph":[{"@type":"WebPage","@id":"https:\/\/woodlent.com.tr\/uretim\/","url":"https:\/\/woodlent.com.tr\/uretim\/","name":"\u00dcretim - Woodlent","isPartOf":{"@id":"https:\/\/woodlent.com.tr\/#website"},"datePublished":"2021-07-05T13:27:16+00:00","dateModified":"2021-09-08T08:44:54+00:00","breadcrumb":{"@id":"https:\/\/woodlent.com.tr\/uretim\/#breadcrumb"},"inLanguage":"en-GB","potentialAction":[{"@type":"ReadAction","target":["https:\/\/woodlent.com.tr\/uretim\/"]}]},{"@type":"BreadcrumbList","@id":"https:\/\/woodlent.com.tr\/uretim\/#breadcrumb","itemListElement":[{"@type":"ListItem","position":1,"name":"Ana sayfa","item":"https:\/\/woodlent.com.tr\/"},{"@type":"ListItem","position":2,"name":"\u00dcretim"}]},{"@type":"WebSite","@id":"https:\/\/woodlent.com.tr\/#website","url":"https:\/\/woodlent.com.tr\/","name":"Woodlent","description":"-","potentialAction":[{"@type":"SearchAction","target":{"@type":"EntryPoint","urlTemplate":"https:\/\/woodlent.com.tr\/?s={search_term_string}"},"query-input":"required name=search_term_string"}],"inLanguage":"en-GB"}]}},"_links":{"self":[{"href":"https:\/\/woodlent.com.tr\/en\/wp-json\/wp\/v2\/pages\/305","targetHints":{"allow":["GET"]}}],"collection":[{"href":"https:\/\/woodlent.com.tr\/en\/wp-json\/wp\/v2\/pages"}],"about":[{"href":"https:\/\/woodlent.com.tr\/en\/wp-json\/wp\/v2\/types\/page"}],"author":[{"embeddable":true,"href":"https:\/\/woodlent.com.tr\/en\/wp-json\/wp\/v2\/users\/1"}],"replies":[{"embeddable":true,"href":"https:\/\/woodlent.com.tr\/en\/wp-json\/wp\/v2\/comments?post=305"}],"version-history":[{"count":25,"href":"https:\/\/woodlent.com.tr\/en\/wp-json\/wp\/v2\/pages\/305\/revisions"}],"predecessor-version":[{"id":871,"href":"https:\/\/woodlent.com.tr\/en\/wp-json\/wp\/v2\/pages\/305\/revisions\/871"}],"wp:attachment":[{"href":"https:\/\/woodlent.com.tr\/en\/wp-json\/wp\/v2\/media?parent=305"}],"curies":[{"name":"wp","href":"https:\/\/api.w.org\/{rel}","templated":true}]}}