{"id":33,"date":"2020-12-21T09:19:45","date_gmt":"2020-12-21T06:19:45","guid":{"rendered":"https:\/\/woodlent.com.tr\/?page_id=33"},"modified":"2022-07-20T10:14:41","modified_gmt":"2022-07-20T07:14:41","slug":"woodlent-hakkimizda","status":"publish","type":"page","link":"https:\/\/woodlent.com.tr\/en\/woodlent-hakkimizda\/","title":{"rendered":"About us"},"content":{"rendered":"<div data-vc-full-width=\"true\" data-vc-full-width-init=\"false\" data-vc-stretch-content=\"true\" class=\"vc_row wpb_row vc_row-fluid vc_row-no-padding\"><div class=\"wpb_column vc_column_container vc_col-sm-12\"><div class=\"vc_column-inner\"><div class=\"wpb_wrapper\">\t\t<div class=\"promo-banner-wrapper\">\n\t\t\t<div id=\"wd-60e318eb02a80\" class=\"promo-banner banner-vr-align-middle banner-hr-align-center banner- banner-hover-zoom color-scheme-light banner-btn-size-default banner-btn-style-default wd-display-image\"  >\n\n\t\t\t\t<div class=\"main-wrapp-img\">\n\t\t\t\t\t\t\t\t\t\t\t<div class=\"banner-image\">\n\t\t\t\t\t\t\t<img loading=\"lazy\" decoding=\"async\" width=\"1920\" height=\"382\" src=\"https:\/\/woodlent.com.tr\/wp-content\/uploads\/2021\/07\/hakkimizda-banner.png\" class=\"promo-banner-image attachment-full\" alt=\"\" srcset=\"https:\/\/woodlent.com.tr\/wp-content\/uploads\/2021\/07\/hakkimizda-banner.png 1920w, https:\/\/woodlent.com.tr\/wp-content\/uploads\/2021\/07\/hakkimizda-banner-780x155.png 780w, https:\/\/woodlent.com.tr\/wp-content\/uploads\/2021\/07\/hakkimizda-banner-300x60.png 300w, https:\/\/woodlent.com.tr\/wp-content\/uploads\/2021\/07\/hakkimizda-banner-1024x204.png 1024w, https:\/\/woodlent.com.tr\/wp-content\/uploads\/2021\/07\/hakkimizda-banner-768x153.png 768w, https:\/\/woodlent.com.tr\/wp-content\/uploads\/2021\/07\/hakkimizda-banner-1536x306.png 1536w\" sizes=\"auto, (max-width: 1920px) 100vw, 1920px\" \/>\t\t\t\t\t\t<\/div>\n\t\t\t\t\t\t\t\t\t<\/div>\n\n\t\t\t\t<div class=\"wrapper-content-banner\">\n\t\t\t\t\t<div class=\"content-banner text-center content-width-100\">\n\t\t\t\t\t\t\t<div class=\"banner-title-wrap banner-title-extra-large\"><h2 class=\"banner-title woodmart-font-weight-\">About us<\/h2><\/div>\n\t\t\t\t\t\t\t\t\t\t\t\t\t\t\t\t\t<\/div>\n\t\t\t\t<\/div>\n\t\t\t\t\t\t\t<\/div>\n\t\t<\/div>\n\t\t\n\t\t<\/div><\/div><\/div><\/div><div class=\"vc_row-full-width vc_clearfix\"><\/div><div id=\"row_tarih-ana\" class=\"vc_row wpb_row vc_row-fluid\"><div class=\"wpb_column vc_column_container vc_col-sm-12\"><div class=\"vc_column-inner\"><div class=\"wpb_wrapper\"><div id=\"ust-tarih\" class=\"vc_row wpb_row vc_inner vc_row-fluid\"><div class=\"wpb_column vc_column_container vc_col-sm-3\"><div class=\"vc_column-inner\"><div class=\"wpb_wrapper\"><\/div><\/div><\/div><div class=\"wpb_column vc_column_container vc_col-sm-3\" id=\"row_1980\"><div class=\"vc_column-inner\"><div class=\"wpb_wrapper\">\n\t<div class=\"wpb_text_column wpb_content_element\" >\n\t\t<div class=\"wpb_wrapper\">\n\t\t\t<p style=\"text-align: center;\"><span class=\"tarih\">1980<\/span><\/p>\n<p class=\"altyazi\" style=\"text-align: center;\">We gained momentum in the sector with logs and veneers<\/p>\n\n\t\t<\/div>\n\t<\/div>\n<\/div><\/div><\/div><div class=\"wpb_column vc_column_container vc_col-sm-3\"><div class=\"vc_column-inner\"><div class=\"wpb_wrapper\"><\/div><\/div><\/div><div class=\"wpb_column vc_column_container vc_col-sm-3\" id=\"row_2021\"><div class=\"vc_column-inner\"><div class=\"wpb_wrapper\">\n\t<div class=\"wpb_text_column wpb_content_element\" >\n\t\t<div class=\"wpb_wrapper\">\n\t\t\t<p style=\"text-align: center;\"><span class=\"tarih\">2021<\/span><\/p>\n<p class=\"altyazi\" style=\"text-align: center;\">We continue our brand journey<\/p>\n\n\t\t<\/div>\n\t<\/div>\n<\/div><\/div><\/div><div class=\"wpb_column vc_column_container vc_col-sm-12\" id=\"column-cizgi\"><div class=\"vc_column-inner\"><div class=\"wpb_wrapper\"><div class=\"vc_separator wpb_content_element vc_separator_align_center vc_sep_width_100 vc_sep_pos_align_center vc_separator_no_text vc_sep_color_orange\" ><span class=\"vc_sep_holder vc_sep_holder_l\"><span  class=\"vc_sep_line\"><\/span><\/span><span class=\"vc_sep_holder vc_sep_holder_r\"><span  class=\"vc_sep_line\"><\/span><\/span>\n<\/div><\/div><\/div><\/div><\/div><div id=\"alt-tarih\" class=\"vc_row wpb_row vc_inner vc_row-fluid\"><div class=\"wpb_column vc_column_container vc_col-sm-3\"><div class=\"vc_column-inner\"><div class=\"wpb_wrapper\">\n\t<div class=\"wpb_text_column wpb_content_element\" >\n\t\t<div class=\"wpb_wrapper\">\n\t\t\t<p style=\"text-align: center;\"><span class=\"tarih\">1970<\/span><\/p>\n<p class=\"altyazi2\" style=\"text-align: center;\">Our commercial career started with furniture.<\/p>\n\n\t\t<\/div>\n\t<\/div>\n<\/div><\/div><\/div><div class=\"wpb_column vc_column_container vc_col-sm-3\"><div class=\"vc_column-inner\"><div class=\"wpb_wrapper\"><\/div><\/div><\/div><div class=\"wpb_column vc_column_container vc_col-sm-3\" id=\"row_2004\"><div class=\"vc_column-inner\"><div class=\"wpb_wrapper\">\n\t<div class=\"wpb_text_column wpb_content_element\" >\n\t\t<div class=\"wpb_wrapper\">\n\t\t\t<p style=\"text-align: center;\"><span class=\"tarih\">2004<\/span><\/p>\n<p class=\"altyazi2\" style=\"text-align: center;\">Pressing and production tool investments started<\/p>\n\n\t\t<\/div>\n\t<\/div>\n<\/div><\/div><\/div><div class=\"wpb_column vc_column_container vc_col-sm-3\"><div class=\"vc_column-inner\"><div class=\"wpb_wrapper\"><\/div><\/div><\/div><\/div><\/div><\/div><\/div><\/div><div class=\"vc_row wpb_row vc_row-fluid vc_row-o-equal-height vc_row-o-content-middle vc_row-flex\"><div class=\"wpb_column vc_column_container vc_col-sm-1\"><div class=\"vc_column-inner\"><div class=\"wpb_wrapper\"><\/div><\/div><\/div><div class=\"wpb_column vc_column_container vc_col-sm-10\"><div class=\"vc_column-inner\"><div class=\"wpb_wrapper\"><div id=\"row_hakkimizda\" class=\"vc_row wpb_row vc_inner vc_row-fluid\"><div class=\"wpb_column vc_column_container vc_col-sm-6\"><div class=\"vc_column-inner\"><div class=\"wpb_wrapper\">\n\t<div class=\"wpb_text_column wpb_content_element\" >\n\t\t<div class=\"wpb_wrapper\">\n\t\t\t<h1><span class=\"baslik1\">About us<\/span><\/h1>\n<h2><span class=\"baslik2\">Mastery Means Understanding\u2026<\/span><\/h2>\n<p class=\"paragraf1\" style=\"text-align: left;\">When nature presented itself to mankind in its purest form, we needed the hands of a master woodcutter. If we had a master, the wood offered by nature would be everything to us. Woodlent has master hands that respond to the miracles offered by nature.<\/p>\n<p class=\"paragraf2\" style=\"text-align: left;\">Life can change with the meticulous work of this master, who knows every shade of wood and the language of every tree. Whatever raw material you get your hands on, when you make an effort to understand it, it will reveal all its secrets to you and will not spare your help to reach its best form. What we wanted to understand in our mastery process was nature, the tree itself. Exactly what we got for our effort was the source itself.<\/p>\n\n\t\t<\/div>\n\t<\/div>\n<\/div><\/div><\/div><div class=\"wpb_column vc_column_container vc_col-sm-6\"><div class=\"vc_column-inner\"><div class=\"wpb_wrapper\">\n\t<div  class=\"wpb_single_image wpb_content_element vc_align_center\">\n\t\t\n\t\t<figure class=\"wpb_wrapper vc_figure\">\n\t\t\t<div class=\"vc_single_image-wrapper   vc_box_border_grey\"><img loading=\"lazy\" decoding=\"async\" width=\"521\" height=\"604\" src=\"https:\/\/woodlent.com.tr\/wp-content\/uploads\/2021\/07\/hakkimizda-resim1.png\" class=\"vc_single_image-img attachment-full\" alt=\"\" \/><\/div>\n\t\t<\/figure>\n\t<\/div>\n<\/div><\/div><\/div><\/div><div id=\"row_misyon\" class=\"vc_row wpb_row vc_inner vc_row-fluid\"><div class=\"wpb_column vc_column_container vc_col-sm-6\"><div class=\"vc_column-inner\"><div class=\"wpb_wrapper\">\n\t<div  class=\"wpb_single_image wpb_content_element vc_align_center\">\n\t\t\n\t\t<figure class=\"wpb_wrapper vc_figure\">\n\t\t\t<div class=\"vc_single_image-wrapper   vc_box_border_grey\"><img loading=\"lazy\" decoding=\"async\" width=\"521\" height=\"604\" src=\"https:\/\/woodlent.com.tr\/wp-content\/uploads\/2021\/07\/hakkimizda-resim2.png\" class=\"vc_single_image-img attachment-full\" alt=\"\" \/><\/div>\n\t\t<\/figure>\n\t<\/div>\n<\/div><\/div><\/div><div class=\"wpb_column vc_column_container vc_col-sm-6\" id=\"column-misyon\"><div class=\"vc_column-inner\"><div class=\"wpb_wrapper\">\n\t<div class=\"wpb_text_column wpb_content_element\" >\n\t\t<div class=\"wpb_wrapper\">\n\t\t\t<p style=\"text-align: right;\"><span class=\"misyon\">Our Mission<\/span><br \/>\n<span class=\"dogadan\">With inspiration from nature...<\/span><\/p>\n<p class=\"paragraf3\" style=\"text-align: right;\">Growing step by step with our 45 years of experience, we have been careful to touch people who know the value of production. It has become our priority to produce before consumption, not to spoil what is important for quality, and to take guaranteed steps without sacrificing thoroughness. We listened to the tree, brought it to its perfect form, and today we are at the heart of the concepts that make an impact in decoration along with the production of quality furniture. Woodland has always been happy to understand the language of the tree and present it to all companies and individuals in their communication, and will continue to hear about it in the future.<\/p>\n\n\t\t<\/div>\n\t<\/div>\n<\/div><\/div><\/div><\/div><div id=\"row_vizyon\" class=\"vc_row wpb_row vc_inner vc_row-fluid\"><div class=\"wpb_column vc_column_container vc_col-sm-6\"><div class=\"vc_column-inner\"><div class=\"wpb_wrapper\">\n\t<div class=\"wpb_text_column wpb_content_element\" >\n\t\t<div class=\"wpb_wrapper\">\n\t\t\t<p style=\"text-align: left;\"><span class=\"baslik1\">Our Vision<\/span><br \/>\n<span class=\"baslik2\">Carrying Value into the Future<\/span><\/p>\n<p class=\"paragraf1\" style=\"text-align: left;\">We are of the opinion that there is a production consciousness and quality that needs to be carried into the future. Our primary goal is to be open-handed, as we learned from nature, even though the fact that we have the largest export volume in the Turkish market says that we fulfill our duty as an intermediary here. Quality should be carried all over the world. The value of mastery and fine craftsmanship should be conveyed from language to language with Woodlent.<\/p>\n<p class=\"paragraf1\">We know that we will reach the whole world with 45 years of labor and the value you give on this path where we never hesitate to improve ourselves and walk with a new achievement every day.<\/p>\n<p>&nbsp;<\/p>\n<p class=\"paragraf1\">\n\n\t\t<\/div>\n\t<\/div>\n<\/div><\/div><\/div><div class=\"wpb_column vc_column_container vc_col-sm-6\"><div class=\"vc_column-inner\"><div class=\"wpb_wrapper\">\n\t<div  class=\"wpb_single_image wpb_content_element vc_align_center\">\n\t\t\n\t\t<figure class=\"wpb_wrapper vc_figure\">\n\t\t\t<div class=\"vc_single_image-wrapper   vc_box_border_grey\"><img loading=\"lazy\" decoding=\"async\" width=\"521\" height=\"604\" src=\"https:\/\/woodlent.com.tr\/wp-content\/uploads\/2021\/07\/hakkimizda-resim3.png\" class=\"vc_single_image-img attachment-full\" alt=\"\" \/><\/div>\n\t\t<\/figure>\n\t<\/div>\n<\/div><\/div><\/div><\/div><\/div><\/div><\/div><div class=\"wpb_column vc_column_container vc_col-sm-1\"><div class=\"vc_column-inner\"><div class=\"wpb_wrapper\"><\/div><\/div><\/div><\/div><div class=\"vc_row wpb_row vc_row-fluid\"><div class=\"wpb_column vc_column_container vc_col-sm-12\"><div class=\"vc_column-inner\"><div class=\"wpb_wrapper\">\n\t<div class=\"wpb_text_column wpb_content_element\" >\n\t\t<div class=\"wpb_wrapper\">\n\t\t\t\n\t\t<\/div>\n\t<\/div>\n<\/div><\/div><\/div><\/div>","protected":false},"excerpt":{"rendered":"Hakk\u0131m\u0131zda 1980 Tomruk ve kaplama ile sekt\u00f6rde ivme kazand\u0131k 2021 Marka yolculu\u011fumuza devam ediyoruz. 1970 Mobilyac\u0131l\u0131k ile ticari kariyerimiz ba\u015flad\u0131.","protected":false},"author":1,"featured_media":0,"parent":0,"menu_order":0,"comment_status":"closed","ping_status":"closed","template":"","meta":{"footnotes":""},"class_list":["post-33","page","type-page","status-publish","hentry"],"yoast_head":"<!-- This site is optimized with the Yoast SEO Premium plugin v16.0.3 (Yoast SEO v19.9) - https:\/\/yoast.com\/wordpress\/plugins\/seo\/ -->\n<title>Hakk\u0131m\u0131zda - Woodlent<\/title>\n<meta name=\"robots\" content=\"index, follow, max-snippet:-1, max-image-preview:large, max-video-preview:-1\" \/>\n<link rel=\"canonical\" href=\"https:\/\/woodlent.com.tr\/en\/woodlent-hakkimizda\/\" \/>\n<meta property=\"og:locale\" content=\"en_GB\" \/>\n<meta property=\"og:type\" content=\"article\" \/>\n<meta property=\"og:title\" content=\"Hakk\u0131m\u0131zda - Woodlent\" \/>\n<meta property=\"og:url\" content=\"https:\/\/woodlent.com.tr\/en\/woodlent-hakkimizda\/\" \/>\n<meta property=\"og:site_name\" content=\"Woodlent\" \/>\n<meta property=\"article:modified_time\" content=\"2022-07-20T07:14:41+00:00\" \/>\n<meta name=\"twitter:card\" content=\"summary_large_image\" \/>\n<meta name=\"twitter:label1\" content=\"Estimated reading time\" \/>\n\t<meta name=\"twitter:data1\" content=\"2 minutes\" \/>\n<script type=\"application\/ld+json\" class=\"yoast-schema-graph\">{\"@context\":\"https:\/\/schema.org\",\"@graph\":[{\"@type\":\"WebPage\",\"@id\":\"https:\/\/woodlent.com.tr\/woodlent-hakkimizda\/\",\"url\":\"https:\/\/woodlent.com.tr\/woodlent-hakkimizda\/\",\"name\":\"Hakk\u0131m\u0131zda - Woodlent\",\"isPartOf\":{\"@id\":\"https:\/\/woodlent.com.tr\/#website\"},\"datePublished\":\"2020-12-21T06:19:45+00:00\",\"dateModified\":\"2022-07-20T07:14:41+00:00\",\"breadcrumb\":{\"@id\":\"https:\/\/woodlent.com.tr\/woodlent-hakkimizda\/#breadcrumb\"},\"inLanguage\":\"en-GB\",\"potentialAction\":[{\"@type\":\"ReadAction\",\"target\":[\"https:\/\/woodlent.com.tr\/woodlent-hakkimizda\/\"]}]},{\"@type\":\"BreadcrumbList\",\"@id\":\"https:\/\/woodlent.com.tr\/woodlent-hakkimizda\/#breadcrumb\",\"itemListElement\":[{\"@type\":\"ListItem\",\"position\":1,\"name\":\"Ana sayfa\",\"item\":\"https:\/\/woodlent.com.tr\/\"},{\"@type\":\"ListItem\",\"position\":2,\"name\":\"Hakk\u0131m\u0131zda\"}]},{\"@type\":\"WebSite\",\"@id\":\"https:\/\/woodlent.com.tr\/#website\",\"url\":\"https:\/\/woodlent.com.tr\/\",\"name\":\"Woodlent\",\"description\":\"-\",\"potentialAction\":[{\"@type\":\"SearchAction\",\"target\":{\"@type\":\"EntryPoint\",\"urlTemplate\":\"https:\/\/woodlent.com.tr\/?s={search_term_string}\"},\"query-input\":\"required name=search_term_string\"}],\"inLanguage\":\"en-GB\"}]}<\/script>\n<!-- \/ Yoast SEO Premium plugin. -->","yoast_head_json":{"title":"Hakk\u0131m\u0131zda - Woodlent","robots":{"index":"index","follow":"follow","max-snippet":"max-snippet:-1","max-image-preview":"max-image-preview:large","max-video-preview":"max-video-preview:-1"},"canonical":"https:\/\/woodlent.com.tr\/en\/woodlent-hakkimizda\/","og_locale":"en_GB","og_type":"article","og_title":"Hakk\u0131m\u0131zda - Woodlent","og_url":"https:\/\/woodlent.com.tr\/en\/woodlent-hakkimizda\/","og_site_name":"Woodlent","article_modified_time":"2022-07-20T07:14:41+00:00","twitter_card":"summary_large_image","twitter_misc":{"Estimated reading time":"2 minutes"},"schema":{"@context":"https:\/\/schema.org","@graph":[{"@type":"WebPage","@id":"https:\/\/woodlent.com.tr\/woodlent-hakkimizda\/","url":"https:\/\/woodlent.com.tr\/woodlent-hakkimizda\/","name":"Hakk\u0131m\u0131zda - Woodlent","isPartOf":{"@id":"https:\/\/woodlent.com.tr\/#website"},"datePublished":"2020-12-21T06:19:45+00:00","dateModified":"2022-07-20T07:14:41+00:00","breadcrumb":{"@id":"https:\/\/woodlent.com.tr\/woodlent-hakkimizda\/#breadcrumb"},"inLanguage":"en-GB","potentialAction":[{"@type":"ReadAction","target":["https:\/\/woodlent.com.tr\/woodlent-hakkimizda\/"]}]},{"@type":"BreadcrumbList","@id":"https:\/\/woodlent.com.tr\/woodlent-hakkimizda\/#breadcrumb","itemListElement":[{"@type":"ListItem","position":1,"name":"Ana sayfa","item":"https:\/\/woodlent.com.tr\/"},{"@type":"ListItem","position":2,"name":"Hakk\u0131m\u0131zda"}]},{"@type":"WebSite","@id":"https:\/\/woodlent.com.tr\/#website","url":"https:\/\/woodlent.com.tr\/","name":"Woodlent","description":"-","potentialAction":[{"@type":"SearchAction","target":{"@type":"EntryPoint","urlTemplate":"https:\/\/woodlent.com.tr\/?s={search_term_string}"},"query-input":"required name=search_term_string"}],"inLanguage":"en-GB"}]}},"_links":{"self":[{"href":"https:\/\/woodlent.com.tr\/en\/wp-json\/wp\/v2\/pages\/33","targetHints":{"allow":["GET"]}}],"collection":[{"href":"https:\/\/woodlent.com.tr\/en\/wp-json\/wp\/v2\/pages"}],"about":[{"href":"https:\/\/woodlent.com.tr\/en\/wp-json\/wp\/v2\/types\/page"}],"author":[{"embeddable":true,"href":"https:\/\/woodlent.com.tr\/en\/wp-json\/wp\/v2\/users\/1"}],"replies":[{"embeddable":true,"href":"https:\/\/woodlent.com.tr\/en\/wp-json\/wp\/v2\/comments?post=33"}],"version-history":[{"count":35,"href":"https:\/\/woodlent.com.tr\/en\/wp-json\/wp\/v2\/pages\/33\/revisions"}],"predecessor-version":[{"id":1161,"href":"https:\/\/woodlent.com.tr\/en\/wp-json\/wp\/v2\/pages\/33\/revisions\/1161"}],"wp:attachment":[{"href":"https:\/\/woodlent.com.tr\/en\/wp-json\/wp\/v2\/media?parent=33"}],"curies":[{"name":"wp","href":"https:\/\/api.w.org\/{rel}","templated":true}]}}