{"id":35,"date":"2020-12-21T09:21:17","date_gmt":"2020-12-21T06:21:17","guid":{"rendered":"https:\/\/woodlent.com.tr\/?page_id=35"},"modified":"2022-07-26T15:52:51","modified_gmt":"2022-07-26T12:52:51","slug":"iletisim","status":"publish","type":"page","link":"https:\/\/woodlent.com.tr\/en\/iletisim\/","title":{"rendered":"Contact"},"content":{"rendered":"<div data-vc-full-width=\"true\" data-vc-full-width-init=\"false\" data-vc-stretch-content=\"true\" class=\"vc_row wpb_row vc_row-fluid vc_row-no-padding vc_row-o-equal-height vc_row-o-content-middle vc_row-flex\"><div class=\"wpb_column vc_column_container vc_col-sm-12\"><div class=\"vc_column-inner\"><div class=\"wpb_wrapper\">\t\t<div class=\"promo-banner-wrapper\">\n\t\t\t<div id=\"wd-60e317ab03f2b\" class=\"promo-banner banner-vr-align-middle banner-hr-align-center banner- banner-hover-zoom color-scheme-light banner-btn-size-default banner-btn-style-default wd-display-image\"  >\n\n\t\t\t\t<div class=\"main-wrapp-img\">\n\t\t\t\t\t\t\t\t\t\t\t<div class=\"banner-image\">\n\t\t\t\t\t\t\t<img loading=\"lazy\" decoding=\"async\" width=\"1920\" height=\"382\" src=\"https:\/\/woodlent.com.tr\/wp-content\/uploads\/2021\/07\/iletisim-banner.png\" class=\"promo-banner-image attachment-full\" alt=\"\" srcset=\"https:\/\/woodlent.com.tr\/wp-content\/uploads\/2021\/07\/iletisim-banner.png 1920w, https:\/\/woodlent.com.tr\/wp-content\/uploads\/2021\/07\/iletisim-banner-780x155.png 780w, https:\/\/woodlent.com.tr\/wp-content\/uploads\/2021\/07\/iletisim-banner-300x60.png 300w, https:\/\/woodlent.com.tr\/wp-content\/uploads\/2021\/07\/iletisim-banner-1024x204.png 1024w, https:\/\/woodlent.com.tr\/wp-content\/uploads\/2021\/07\/iletisim-banner-768x153.png 768w, https:\/\/woodlent.com.tr\/wp-content\/uploads\/2021\/07\/iletisim-banner-1536x306.png 1536w\" sizes=\"auto, (max-width: 1920px) 100vw, 1920px\" \/>\t\t\t\t\t\t<\/div>\n\t\t\t\t\t\t\t\t\t<\/div>\n\n\t\t\t\t<div class=\"wrapper-content-banner\">\n\t\t\t\t\t<div class=\"content-banner text-center content-width-100\">\n\t\t\t\t\t\t\t<div class=\"banner-title-wrap banner-title-extra-large\"><h1 class=\"banner-title woodmart-font-weight-\">Contact<\/h1><\/div>\n\t\t\t\t\t\t\t\t\t\t\t\t\t\t\t\t\t<\/div>\n\t\t\t\t<\/div>\n\t\t\t\t\t\t\t<\/div>\n\t\t<\/div>\n\t\t\n\t\t<\/div><\/div><\/div><\/div><div class=\"vc_row-full-width vc_clearfix\"><\/div><div id=\"row_adres\" class=\"vc_row wpb_row vc_row-fluid\"><div class=\"wpb_column vc_column_container vc_col-sm-1\"><div class=\"vc_column-inner\"><div class=\"wpb_wrapper\"><\/div><\/div><\/div><div class=\"wpb_column vc_column_container vc_col-sm-10\"><div class=\"vc_column-inner\"><div class=\"wpb_wrapper\"><div id=\"row_merkez\" class=\"vc_row wpb_row vc_inner vc_row-fluid\"><div class=\"wpb_column vc_column_container vc_col-sm-6 vc_col-has-fill\" id=\"column-adres\"><div class=\"vc_column-inner vc_custom_1625488243356\"><div class=\"wpb_wrapper\">\n\t<div class=\"wpb_text_column wpb_content_element\" >\n\t\t<div class=\"wpb_wrapper\">\n\t\t\t<p style=\"text-align: center;\"><span class=\"baslik\">CENTRE<\/span><\/p>\n<div class=\"adres translation-block\">Mahmudiye Mah. 27. Furniture Sk. No.25 Inegol-Bursa\/Turkey<\/div>\n<p>&nbsp;<\/p>\n<div class=\"telefon\"><img decoding=\"async\" src=\"https:\/\/woodlent.com.tr\/wp-content\/uploads\/2021\/07\/phone-call.svg\" \/><br \/>\n<a href=\"tel:+902247186191\"> Tel: +90-224-718-61-91<\/a><br \/>\n<a href=\"tel:+902247155391\">Fax: +90-224-715-53-91<\/a><\/div>\n<p>&nbsp;<\/p>\n<div class=\"telefon\"><img decoding=\"async\" src=\"https:\/\/woodlent.com.tr\/wp-content\/uploads\/2021\/07\/email.svg\" \/><br \/>\n<a href=\"mailto:info@woodlent.com.tr\">info@woodlent.com.tr<\/a><br \/>\n<a href=\"mailto:muhasebe@woodlent.com.tr\">muhasebe@woodlent.com.tr<\/a><br \/>\n<a href=\"mailto:export@woodlent.com.tr\">export@woodlent.com.tr<\/a><br \/>\n<a href=\"mailto:siparis@woodlent.com.tr\">siparis@woodlent.com.tr<\/a><\/div>\n\n\t\t<\/div>\n\t<\/div>\n<\/div><\/div><\/div><div class=\"wpb_column column-harita vc_column_container vc_col-sm-6\"><div class=\"vc_column-inner\"><div class=\"wpb_wrapper\"><div class=\"wpb_gmaps_widget wpb_content_element\"><div class=\"wpb_wrapper\"><div class=\"wpb_map_wraper\"><iframe src=\"https:\/\/www.google.com\/maps\/embed?pb=!1m14!1m8!1m3!1d12213.016903867998!2d29.5380248!3d40.069741!3m2!1i1024!2i768!4f13.1!3m3!1m2!1s0x0%3A0xba6d58b0026b2971!2sWOODLENT%20ORMAN%20URN.%20SAN.%20T%C4%B0C.%20LTD.%20STI.!5e0!3m2!1str!2str!4v1625487797739!5m2!1str!2str\" width=\"600\" height=\"450\" style=\"border:0;\" allowfullscreen=\"\" loading=\"lazy\"><\/iframe><\/div><\/div><\/div><\/div><\/div><\/div><\/div><div id=\"row_istanbul\" class=\"vc_row wpb_row vc_inner vc_row-fluid\"><div class=\"wpb_column column-harita vc_column_container vc_col-sm-6\"><div class=\"vc_column-inner\"><div class=\"wpb_wrapper\"><div class=\"wpb_gmaps_widget wpb_content_element\"><div class=\"wpb_wrapper\"><div class=\"wpb_map_wraper\"><iframe src=\"https:\/\/www.google.com\/maps\/embed?pb=!1m18!1m12!1m3!1d3007.8579712694336!2d28.782630014785642!3d41.07209712344517!2m3!1f0!2f0!3f0!3m2!1i1024!2i768!4f13.1!3m3!1m2!1s0x14caa51c8b222f3d%3A0x49014a2819c259f8!2sWOODLENT!5e0!3m2!1str!2str!4v1625488510972!5m2!1str!2str\" width=\"600\" height=\"450\" style=\"border:0;\" allowfullscreen=\"\" loading=\"lazy\"><\/iframe><\/div><\/div><\/div><\/div><\/div><\/div><div class=\"wpb_column vc_column_container vc_col-sm-6\" id=\"column-adres2\"><div class=\"vc_column-inner\"><div class=\"wpb_wrapper\">\n\t<div class=\"wpb_text_column wpb_content_element\" >\n\t\t<div class=\"wpb_wrapper\">\n\t\t\t<p style=\"text-align: center;\"><span class=\"baslik\">ISTANBUL BRANCH<\/span><\/p>\n<div class=\"adres translation-block\">\u0130kitelli Keresteciler Sitesi 14.Block No:22-24 Ba\u015fak\u015fehir Istanbul<\/div>\n<p>&nbsp;<\/p>\n<div class=\"telefon\"><img decoding=\"async\" class=\"alignleft\" src=\"https:\/\/woodlent.com.tr\/wp-content\/uploads\/2021\/07\/phone-call.svg\" \/><br \/>\n<a href=\"tel:+902126700444\">Tel : +90-212-670-04-44<\/a><br \/>\n<a href=\"tel:+905416700444\">Gsm : +90-541-670-04-44<\/a><\/div>\n<p>&nbsp;<\/p>\n<div class=\"telefon\"><a href=\"mailto:ikitelli@woodlent.com.tr\"><br \/>\n<img decoding=\"async\" src=\"https:\/\/woodlent.com.tr\/wp-content\/uploads\/2021\/07\/email.svg\" \/><br \/>\nikitelli@woodlent.com.tr<\/a><\/div>\n\n\t\t<\/div>\n\t<\/div>\n<\/div><\/div><\/div><\/div><\/div><\/div><\/div><div class=\"wpb_column vc_column_container vc_col-sm-1\"><div class=\"vc_column-inner\"><div class=\"wpb_wrapper\"><\/div><\/div><\/div><\/div>","protected":false},"excerpt":{"rendered":"\u0130leti\u015fim MERKEZ Mahmudiye Mh. 27. Mobilya Sk. No.25 \u0130neg\u00f6l - Bursa \/ T\u00dcRK\u0130YE &nbsp; Tel: +90-224-718-61-91 Fax: +90-224-715-53-91 &nbsp; info@woodlent.com.tr","protected":false},"author":1,"featured_media":0,"parent":0,"menu_order":0,"comment_status":"closed","ping_status":"closed","template":"","meta":{"footnotes":""},"class_list":["post-35","page","type-page","status-publish","hentry"],"yoast_head":"<!-- This site is optimized with the Yoast SEO Premium plugin v16.0.3 (Yoast SEO v19.9) - https:\/\/yoast.com\/wordpress\/plugins\/seo\/ -->\n<title>\u0130leti\u015fim - Woodlent<\/title>\n<meta name=\"robots\" content=\"index, follow, max-snippet:-1, max-image-preview:large, max-video-preview:-1\" \/>\n<link rel=\"canonical\" href=\"https:\/\/woodlent.com.tr\/en\/iletisim\/\" \/>\n<meta property=\"og:locale\" content=\"en_GB\" \/>\n<meta property=\"og:type\" content=\"article\" \/>\n<meta property=\"og:title\" content=\"\u0130leti\u015fim - Woodlent\" \/>\n<meta property=\"og:url\" content=\"https:\/\/woodlent.com.tr\/en\/iletisim\/\" \/>\n<meta property=\"og:site_name\" content=\"Woodlent\" \/>\n<meta property=\"article:modified_time\" content=\"2022-07-26T12:52:51+00:00\" \/>\n<meta property=\"og:image\" content=\"https:\/\/woodlent.com.tr\/wp-content\/uploads\/2021\/07\/pin.svg\" \/>\n<meta name=\"twitter:card\" content=\"summary_large_image\" \/>\n<meta name=\"twitter:label1\" content=\"Estimated reading time\" \/>\n\t<meta name=\"twitter:data1\" content=\"2 minutes\" \/>\n<script type=\"application\/ld+json\" class=\"yoast-schema-graph\">{\"@context\":\"https:\/\/schema.org\",\"@graph\":[{\"@type\":\"WebPage\",\"@id\":\"https:\/\/woodlent.com.tr\/iletisim\/\",\"url\":\"https:\/\/woodlent.com.tr\/iletisim\/\",\"name\":\"\u0130leti\u015fim - Woodlent\",\"isPartOf\":{\"@id\":\"https:\/\/woodlent.com.tr\/#website\"},\"datePublished\":\"2020-12-21T06:21:17+00:00\",\"dateModified\":\"2022-07-26T12:52:51+00:00\",\"breadcrumb\":{\"@id\":\"https:\/\/woodlent.com.tr\/iletisim\/#breadcrumb\"},\"inLanguage\":\"en-GB\",\"potentialAction\":[{\"@type\":\"ReadAction\",\"target\":[\"https:\/\/woodlent.com.tr\/iletisim\/\"]}]},{\"@type\":\"BreadcrumbList\",\"@id\":\"https:\/\/woodlent.com.tr\/iletisim\/#breadcrumb\",\"itemListElement\":[{\"@type\":\"ListItem\",\"position\":1,\"name\":\"Ana sayfa\",\"item\":\"https:\/\/woodlent.com.tr\/\"},{\"@type\":\"ListItem\",\"position\":2,\"name\":\"\u0130leti\u015fim\"}]},{\"@type\":\"WebSite\",\"@id\":\"https:\/\/woodlent.com.tr\/#website\",\"url\":\"https:\/\/woodlent.com.tr\/\",\"name\":\"Woodlent\",\"description\":\"-\",\"potentialAction\":[{\"@type\":\"SearchAction\",\"target\":{\"@type\":\"EntryPoint\",\"urlTemplate\":\"https:\/\/woodlent.com.tr\/?s={search_term_string}\"},\"query-input\":\"required name=search_term_string\"}],\"inLanguage\":\"en-GB\"}]}<\/script>\n<!-- \/ Yoast SEO Premium plugin. -->","yoast_head_json":{"title":"\u0130leti\u015fim - Woodlent","robots":{"index":"index","follow":"follow","max-snippet":"max-snippet:-1","max-image-preview":"max-image-preview:large","max-video-preview":"max-video-preview:-1"},"canonical":"https:\/\/woodlent.com.tr\/en\/iletisim\/","og_locale":"en_GB","og_type":"article","og_title":"\u0130leti\u015fim - Woodlent","og_url":"https:\/\/woodlent.com.tr\/en\/iletisim\/","og_site_name":"Woodlent","article_modified_time":"2022-07-26T12:52:51+00:00","og_image":[{"url":"https:\/\/woodlent.com.tr\/wp-content\/uploads\/2021\/07\/pin.svg"}],"twitter_card":"summary_large_image","twitter_misc":{"Estimated reading time":"2 minutes"},"schema":{"@context":"https:\/\/schema.org","@graph":[{"@type":"WebPage","@id":"https:\/\/woodlent.com.tr\/iletisim\/","url":"https:\/\/woodlent.com.tr\/iletisim\/","name":"\u0130leti\u015fim - Woodlent","isPartOf":{"@id":"https:\/\/woodlent.com.tr\/#website"},"datePublished":"2020-12-21T06:21:17+00:00","dateModified":"2022-07-26T12:52:51+00:00","breadcrumb":{"@id":"https:\/\/woodlent.com.tr\/iletisim\/#breadcrumb"},"inLanguage":"en-GB","potentialAction":[{"@type":"ReadAction","target":["https:\/\/woodlent.com.tr\/iletisim\/"]}]},{"@type":"BreadcrumbList","@id":"https:\/\/woodlent.com.tr\/iletisim\/#breadcrumb","itemListElement":[{"@type":"ListItem","position":1,"name":"Ana sayfa","item":"https:\/\/woodlent.com.tr\/"},{"@type":"ListItem","position":2,"name":"\u0130leti\u015fim"}]},{"@type":"WebSite","@id":"https:\/\/woodlent.com.tr\/#website","url":"https:\/\/woodlent.com.tr\/","name":"Woodlent","description":"-","potentialAction":[{"@type":"SearchAction","target":{"@type":"EntryPoint","urlTemplate":"https:\/\/woodlent.com.tr\/?s={search_term_string}"},"query-input":"required name=search_term_string"}],"inLanguage":"en-GB"}]}},"_links":{"self":[{"href":"https:\/\/woodlent.com.tr\/en\/wp-json\/wp\/v2\/pages\/35","targetHints":{"allow":["GET"]}}],"collection":[{"href":"https:\/\/woodlent.com.tr\/en\/wp-json\/wp\/v2\/pages"}],"about":[{"href":"https:\/\/woodlent.com.tr\/en\/wp-json\/wp\/v2\/types\/page"}],"author":[{"embeddable":true,"href":"https:\/\/woodlent.com.tr\/en\/wp-json\/wp\/v2\/users\/1"}],"replies":[{"embeddable":true,"href":"https:\/\/woodlent.com.tr\/en\/wp-json\/wp\/v2\/comments?post=35"}],"version-history":[{"count":35,"href":"https:\/\/woodlent.com.tr\/en\/wp-json\/wp\/v2\/pages\/35\/revisions"}],"predecessor-version":[{"id":1176,"href":"https:\/\/woodlent.com.tr\/en\/wp-json\/wp\/v2\/pages\/35\/revisions\/1176"}],"wp:attachment":[{"href":"https:\/\/woodlent.com.tr\/en\/wp-json\/wp\/v2\/media?parent=35"}],"curies":[{"name":"wp","href":"https:\/\/api.w.org\/{rel}","templated":true}]}}