{"id":594,"date":"2021-07-06T12:51:08","date_gmt":"2021-07-06T09:51:08","guid":{"rendered":"https:\/\/woodlent.com.tr\/yerli-parke-ceviz-ahsap-kaplama\/"},"modified":"2021-07-06T13:41:45","modified_gmt":"2021-07-06T10:41:45","slug":"yerli-parke-ceviz-ahsap-kaplama","status":"publish","type":"product","link":"https:\/\/woodlent.com.tr\/en\/yerli-parke-ceviz-ahsap-kaplama\/","title":{"rendered":"Native Hardwood Walnut Wood Veneer"},"content":{"rendered":"<div class=\"vc_row wpb_row vc_row-fluid\"><div class=\"wpb_column vc_column_container vc_col-sm-12\"><div class=\"vc_column-inner\"><div class=\"wpb_wrapper\">\n\t<div class=\"wpb_text_column wpb_content_element\" >\n\t\t<div class=\"wpb_wrapper\">\n\t\t\t<p>Do\u011fa kendini insana en saf haliyle sundu\u011funda usta bir oduncunun ellerine \u0130htiya\u00e7 duyduk. E\u011fer bir ustam\u0131z varsa do\u011fan\u0131n sundu\u011fu odun bize her \u015fey olacakt\u0131. Woodlent\u2019in \u00fcretim sahnesinde boy g\u00f6stermesi de bu ihtiyac\u0131n has\u0131l olmas\u0131 ile ger\u00e7ekle\u015fti. Woodlent, do\u011fan\u0131n sundu\u011fu mucizelere kar\u015f\u0131l\u0131k veren usta ellerin sahibidir.<\/p>\n\n\t\t<\/div>\n\t<\/div>\n<\/div><\/div><\/div><\/div>","protected":false},"excerpt":{"rendered":"Do\u011fa kendini insana en saf haliyle sundu\u011funda usta bir oduncunun ellerine \u0130htiya\u00e7 duyduk. E\u011fer bir ustam\u0131z varsa do\u011fan\u0131n sundu\u011fu odun","protected":false},"featured_media":592,"template":"","meta":[],"product_cat":[39],"product_tag":[],"class_list":["post-594","product","type-product","status-publish","has-post-thumbnail","hentry","product_cat-ahsap-kaplamalari"],"yoast_head":"<!-- This site is optimized with the Yoast SEO Premium plugin v16.0.3 (Yoast SEO v19.9) - https:\/\/yoast.com\/wordpress\/plugins\/seo\/ -->\n<title>Yerli Parke Ceviz Ah\u015fap Kaplama - Woodlent<\/title>\n<meta name=\"robots\" content=\"index, follow, max-snippet:-1, max-image-preview:large, max-video-preview:-1\" \/>\n<link rel=\"canonical\" href=\"https:\/\/woodlent.com.tr\/en\/yerli-parke-ceviz-ahsap-kaplama\/\" \/>\n<meta property=\"og:locale\" content=\"en_GB\" \/>\n<meta property=\"og:type\" content=\"article\" \/>\n<meta property=\"og:title\" content=\"Yerli Parke Ceviz Ah\u015fap Kaplama - Woodlent\" \/>\n<meta property=\"og:url\" content=\"https:\/\/woodlent.com.tr\/en\/yerli-parke-ceviz-ahsap-kaplama\/\" \/>\n<meta property=\"og:site_name\" content=\"Woodlent\" \/>\n<meta property=\"article:modified_time\" content=\"2021-07-06T10:41:45+00:00\" \/>\n<meta property=\"og:image\" content=\"https:\/\/woodlent.com.tr\/wp-content\/uploads\/2021\/07\/urun-yerli-parke-ceviz-ahsap-kaplama-01.jpg\" \/>\n\t<meta property=\"og:image:width\" content=\"697\" \/>\n\t<meta property=\"og:image:height\" content=\"1200\" \/>\n\t<meta property=\"og:image:type\" content=\"image\/jpeg\" \/>\n<meta name=\"twitter:card\" content=\"summary_large_image\" \/>\n<script type=\"application\/ld+json\" class=\"yoast-schema-graph\">{\"@context\":\"https:\/\/schema.org\",\"@graph\":[{\"@type\":\"WebPage\",\"@id\":\"https:\/\/woodlent.com.tr\/yerli-parke-ceviz-ahsap-kaplama\/\",\"url\":\"https:\/\/woodlent.com.tr\/yerli-parke-ceviz-ahsap-kaplama\/\",\"name\":\"Yerli Parke Ceviz Ah\u015fap Kaplama - Woodlent\",\"isPartOf\":{\"@id\":\"https:\/\/woodlent.com.tr\/#website\"},\"datePublished\":\"2021-07-06T09:51:08+00:00\",\"dateModified\":\"2021-07-06T10:41:45+00:00\",\"breadcrumb\":{\"@id\":\"https:\/\/woodlent.com.tr\/yerli-parke-ceviz-ahsap-kaplama\/#breadcrumb\"},\"inLanguage\":\"en-GB\",\"potentialAction\":[{\"@type\":\"ReadAction\",\"target\":[\"https:\/\/woodlent.com.tr\/yerli-parke-ceviz-ahsap-kaplama\/\"]}]},{\"@type\":\"BreadcrumbList\",\"@id\":\"https:\/\/woodlent.com.tr\/yerli-parke-ceviz-ahsap-kaplama\/#breadcrumb\",\"itemListElement\":[{\"@type\":\"ListItem\",\"position\":1,\"name\":\"Ana sayfa\",\"item\":\"https:\/\/woodlent.com.tr\/\"},{\"@type\":\"ListItem\",\"position\":2,\"name\":\"Ma\u011faza\",\"item\":\"https:\/\/woodlent.com.tr\/magaza\/\"},{\"@type\":\"ListItem\",\"position\":3,\"name\":\"Yerli Parke Ceviz Ah\u015fap Kaplama\"}]},{\"@type\":\"WebSite\",\"@id\":\"https:\/\/woodlent.com.tr\/#website\",\"url\":\"https:\/\/woodlent.com.tr\/\",\"name\":\"Woodlent\",\"description\":\"-\",\"potentialAction\":[{\"@type\":\"SearchAction\",\"target\":{\"@type\":\"EntryPoint\",\"urlTemplate\":\"https:\/\/woodlent.com.tr\/?s={search_term_string}\"},\"query-input\":\"required name=search_term_string\"}],\"inLanguage\":\"en-GB\"}]}<\/script>\n<!-- \/ Yoast SEO Premium plugin. -->","yoast_head_json":{"title":"Yerli Parke Ceviz Ah\u015fap Kaplama - Woodlent","robots":{"index":"index","follow":"follow","max-snippet":"max-snippet:-1","max-image-preview":"max-image-preview:large","max-video-preview":"max-video-preview:-1"},"canonical":"https:\/\/woodlent.com.tr\/en\/yerli-parke-ceviz-ahsap-kaplama\/","og_locale":"en_GB","og_type":"article","og_title":"Yerli Parke Ceviz Ah\u015fap Kaplama - Woodlent","og_url":"https:\/\/woodlent.com.tr\/en\/yerli-parke-ceviz-ahsap-kaplama\/","og_site_name":"Woodlent","article_modified_time":"2021-07-06T10:41:45+00:00","og_image":[{"width":697,"height":1200,"url":"https:\/\/woodlent.com.tr\/wp-content\/uploads\/2021\/07\/urun-yerli-parke-ceviz-ahsap-kaplama-01.jpg","type":"image\/jpeg"}],"twitter_card":"summary_large_image","schema":{"@context":"https:\/\/schema.org","@graph":[{"@type":"WebPage","@id":"https:\/\/woodlent.com.tr\/yerli-parke-ceviz-ahsap-kaplama\/","url":"https:\/\/woodlent.com.tr\/yerli-parke-ceviz-ahsap-kaplama\/","name":"Yerli Parke Ceviz Ah\u015fap Kaplama - Woodlent","isPartOf":{"@id":"https:\/\/woodlent.com.tr\/#website"},"datePublished":"2021-07-06T09:51:08+00:00","dateModified":"2021-07-06T10:41:45+00:00","breadcrumb":{"@id":"https:\/\/woodlent.com.tr\/yerli-parke-ceviz-ahsap-kaplama\/#breadcrumb"},"inLanguage":"en-GB","potentialAction":[{"@type":"ReadAction","target":["https:\/\/woodlent.com.tr\/yerli-parke-ceviz-ahsap-kaplama\/"]}]},{"@type":"BreadcrumbList","@id":"https:\/\/woodlent.com.tr\/yerli-parke-ceviz-ahsap-kaplama\/#breadcrumb","itemListElement":[{"@type":"ListItem","position":1,"name":"Ana sayfa","item":"https:\/\/woodlent.com.tr\/"},{"@type":"ListItem","position":2,"name":"Ma\u011faza","item":"https:\/\/woodlent.com.tr\/magaza\/"},{"@type":"ListItem","position":3,"name":"Yerli Parke Ceviz Ah\u015fap Kaplama"}]},{"@type":"WebSite","@id":"https:\/\/woodlent.com.tr\/#website","url":"https:\/\/woodlent.com.tr\/","name":"Woodlent","description":"-","potentialAction":[{"@type":"SearchAction","target":{"@type":"EntryPoint","urlTemplate":"https:\/\/woodlent.com.tr\/?s={search_term_string}"},"query-input":"required name=search_term_string"}],"inLanguage":"en-GB"}]}},"_links":{"self":[{"href":"https:\/\/woodlent.com.tr\/en\/wp-json\/wp\/v2\/product\/594","targetHints":{"allow":["GET"]}}],"collection":[{"href":"https:\/\/woodlent.com.tr\/en\/wp-json\/wp\/v2\/product"}],"about":[{"href":"https:\/\/woodlent.com.tr\/en\/wp-json\/wp\/v2\/types\/product"}],"wp:featuredmedia":[{"embeddable":true,"href":"https:\/\/woodlent.com.tr\/en\/wp-json\/wp\/v2\/media\/592"}],"wp:attachment":[{"href":"https:\/\/woodlent.com.tr\/en\/wp-json\/wp\/v2\/media?parent=594"}],"wp:term":[{"taxonomy":"product_cat","embeddable":true,"href":"https:\/\/woodlent.com.tr\/en\/wp-json\/wp\/v2\/product_cat?post=594"},{"taxonomy":"product_tag","embeddable":true,"href":"https:\/\/woodlent.com.tr\/en\/wp-json\/wp\/v2\/product_tag?post=594"}],"curies":[{"name":"wp","href":"https:\/\/api.w.org\/{rel}","templated":true}]}}